{"id":1570,"date":"2025-10-21T10:50:04","date_gmt":"2025-10-21T08:50:04","guid":{"rendered":"https:\/\/stv-electronic.mp-wd.de\/applications\/"},"modified":"2026-01-26T14:37:10","modified_gmt":"2026-01-26T13:37:10","slug":"applications","status":"publish","type":"page","link":"https:\/\/www.stv-electronic.de\/fr\/applications\/","title":{"rendered":"Applications"},"content":{"rendered":"<p>[et_pb_section fb_built=\u00a0\u00bb1&Prime; module_class=\u00a0\u00bbhero-fixed-height\u00a0\u00bb _builder_version=\u00a0\u00bb4.27.0&Prime; _module_preset=\u00a0\u00bbdefault\u00a0\u00bb background_image=\u00a0\u00bbhttps:\/\/stv-electronic.de\/wp-content\/uploads\/2025\/10\/Anwendungen-Header.jpeg\u00a0\u00bb min_height=\u00a0\u00bb420px\u00a0\u00bb min_height_tablet=\u00a0\u00bb250px\u00a0\u00bb min_height_phone=\u00a0\u00bb180px\u00a0\u00bb min_height_last_edited=\u00a0\u00bbon|phone\u00a0\u00bb locked=\u00a0\u00bboff\u00a0\u00bb global_colors_info=\u00a0\u00bb{}\u00a0\u00bb][\/et_pb_section][et_pb_section fb_built=\u00a0\u00bb1&Prime; _builder_version=\u00a0\u00bb4.27.0&Prime; _module_preset=\u00a0\u00bbdefault\u00a0\u00bb background_color=\u00a0\u00bb#E30613&Prime; custom_padding=\u00a0\u00bb0px||0px||true|false\u00a0\u00bb custom_padding_tablet=\u00a0\u00bb0px||0px||true|false\u00a0\u00bb custom_padding_phone=\u00a0\u00bb0px||0px||true|false\u00a0\u00bb global_module=\u00a0\u00bb425&Prime; locked=\u00a0\u00bboff\u00a0\u00bb global_colors_info=\u00a0\u00bb{}\u00a0\u00bb][et_pb_row _builder_version=\u00a0\u00bb4.27.0&Prime; _module_preset=\u00a0\u00bbdefault\u00a0\u00bb custom_padding=\u00a0\u00bb15px||15px||true|false\u00a0\u00bb global_colors_info=\u00a0\u00bb{}\u00a0\u00bb][et_pb_column type=\u00a0\u00bb4_4&Prime; _builder_version=\u00a0\u00bb4.27.0&Prime; _module_preset=\u00a0\u00bbdefault\u00a0\u00bb global_colors_info=\u00a0\u00bb{}\u00a0\u00bb][et_pb_text module_class=\u00a0\u00bbdynamic-breadcrumbs\u00a0\u00bb _builder_version=\u00a0\u00bb4.27.0&Prime; _module_preset=\u00a0\u00bbdefault\u00a0\u00bb text_text_color=\u00a0\u00bb#FFFFFF\u00a0\u00bb link_text_color=\u00a0\u00bb#FFFFFF\u00a0\u00bb global_colors_info=\u00a0\u00bb{}\u00a0\u00bb link_text_color__hover_enabled=\u00a0\u00bboff|hover\u00a0\u00bb]<\/p>\n<div class=\"c-breadcrumbs\"><a class=\"breadcrumb-homepage breadcrumbs-link\" href=\"https:\/\/www.stv-electronic.de\/fr\/\">STV Electronic - Automatisierungsl\u00f6sungen<\/a><span class=\"breadcrumb-devider\" style=\"font-family:'ETModules';\">5<\/span><span class=\"current-page\">Applications<\/span><\/div>\n<p>[\/et_pb_text][\/et_pb_column][\/et_pb_row][\/et_pb_section][et_pb_section fb_built=\u00a0\u00bb1&Prime; _builder_version=\u00a0\u00bb4.27.0&Prime; _module_preset=\u00a0\u00bbdefault\u00a0\u00bb global_colors_info=\u00a0\u00bb{}\u00a0\u00bb][et_pb_row _builder_version=\u00a0\u00bb4.27.0&Prime; _module_preset=\u00a0\u00bbdefault\u00a0\u00bb custom_margin=\u00a0\u00bb||40px||false|false\u00a0\u00bb custom_padding=\u00a0\u00bb0px||0px||true|false\u00a0\u00bb locked=\u00a0\u00bboff\u00a0\u00bb global_colors_info=\u00a0\u00bb{}\u00a0\u00bb][et_pb_column type=\u00a0\u00bb4_4&Prime; _builder_version=\u00a0\u00bb4.27.0&Prime; _module_preset=\u00a0\u00bbdefault\u00a0\u00bb global_colors_info=\u00a0\u00bb{}\u00a0\u00bb][et_pb_text _builder_version=\u00a0\u00bb4.27.0&Prime; _module_preset=\u00a0\u00bbdefault\u00a0\u00bb header_text_align=\u00a0\u00bbcenter\u00a0\u00bb header_2_text_align=\u00a0\u00bbcenter\u00a0\u00bb custom_margin=\u00a0\u00bb||25px||false|false\u00a0\u00bb global_colors_info=\u00a0\u00bb{}\u00a0\u00bb]<\/p>\n<h1>Domaines d&rsquo;application<\/h1>\n<p>[\/et_pb_text][et_pb_text _builder_version=\u00a0\u00bb4.27.0&Prime; _module_preset=\u00a0\u00bbac2efc07-ca5c-4651-b6c6-b5997ca4cb47&Prime; text_orientation=\u00a0\u00bbcenter\u00a0\u00bb module_alignment=\u00a0\u00bbcenter\u00a0\u00bb global_colors_info=\u00a0\u00bb{}\u00a0\u00bb]Nos technologies et solutions innovantes sont utilis\u00e9es dans un large \u00e9ventail de secteurs et de domaines du contr\u00f4le de la production. Qu&rsquo;il s&rsquo;agisse d&rsquo;automatisation, de traitement d\u2019image industriel, de technologie d&rsquo;entra\u00eenement servo ou de solutions mat\u00e9rielles et logicielles sur mesure, notre vaste gamme de produits et de services offre les outils appropri\u00e9s pour rendre vos processus plus efficaces, plus pr\u00e9cis et p\u00e9rennes.[\/et_pb_text][\/et_pb_column][\/et_pb_row][et_pb_row column_structure=\u00a0\u00bb1_4,1_4,1_4,1_4&Prime; _builder_version=\u00a0\u00bb4.27.0&Prime; _module_preset=\u00a0\u00bbdefault\u00a0\u00bb global_colors_info=\u00a0\u00bb{}\u00a0\u00bb][et_pb_column type=\u00a0\u00bb1_4&Prime; _builder_version=\u00a0\u00bb4.27.0&Prime; _module_preset=\u00a0\u00bbdefault\u00a0\u00bb global_colors_info=\u00a0\u00bb{}\u00a0\u00bb][et_pb_blurb title=\u00a0\u00bbAutomatisation\u00a0\u00bb image=\u00a0\u00bbhttps:\/\/stv-electronic.de\/wp-content\/uploads\/2025\/10\/Anwendungen_Automatisierung-Kachel.jpeg\u00a0\u00bb image_icon_width=\u00a0\u00bb75%\u00a0\u00bb module_class=\u00a0\u00bbhas-sub-pages\u00a0\u00bb _builder_version=\u00a0\u00bb4.27.0&Prime; _dynamic_attributes=\u00a0\u00bblink_option_url\u00a0\u00bb _module_preset=\u00a0\u00bbdefault\u00a0\u00bb text_orientation=\u00a0\u00bbcenter\u00a0\u00bb link_option_url=\u00a0\u00bb@ET-DC@eyJkeW5hbWljIjp0cnVlLCJjb250ZW50IjoicG9zdF9saW5rX3VybF9wYWdlIiwic2V0dGluZ3MiOnsicG9zdF9pZCI6IjQ5NSIsImVuYWJsZV9odG1sIjoib2ZmIn19@\u00a0\u00bb border_radii_image=\u00a0\u00bbon|10px|10px|10px|10px\u00a0\u00bb global_colors_info=\u00a0\u00bb{}\u00a0\u00bb hover_enabled=\u00a0\u00bb0&Prime; sticky_enabled=\u00a0\u00bb0&Prime;]<\/p>\n<p>Automatisation des b\u00e2timents, gestion de l&rsquo;\u00e9nergie<\/p>\n<p>[\/et_pb_blurb][\/et_pb_column][et_pb_column type=\u00a0\u00bb1_4&Prime; _builder_version=\u00a0\u00bb4.27.0&Prime; _module_preset=\u00a0\u00bbdefault\u00a0\u00bb global_colors_info=\u00a0\u00bb{}\u00a0\u00bb][et_pb_blurb title=\u00a0\u00bbTraitement d\u2019image industriel\u00a0\u00bb image=\u00a0\u00bbhttps:\/\/stv-electronic.de\/wp-content\/uploads\/2025\/10\/Anwendungen_Bildverarbeitung-Kachel.jpeg\u00a0\u00bb image_icon_width=\u00a0\u00bb75%\u00a0\u00bb module_class=\u00a0\u00bbhas-sub-pages\u00a0\u00bb _builder_version=\u00a0\u00bb4.27.0&Prime; _dynamic_attributes=\u00a0\u00bblink_option_url\u00a0\u00bb _module_preset=\u00a0\u00bbdefault\u00a0\u00bb text_orientation=\u00a0\u00bbcenter\u00a0\u00bb link_option_url=\u00a0\u00bb@ET-DC@eyJkeW5hbWljIjp0cnVlLCJjb250ZW50IjoicG9zdF9saW5rX3VybF9wYWdlIiwic2V0dGluZ3MiOnsicG9zdF9pZCI6IjQxOSIsImVuYWJsZV9odG1sIjoib2ZmIn19@\u00a0\u00bb header_font_size_tablet=\u00a0\u00bb\u00a0\u00bb header_font_size_phone=\u00a0\u00bb\u00a0\u00bb header_font_size_last_edited=\u00a0\u00bbon|phone\u00a0\u00bb border_radii_image=\u00a0\u00bbon|10px|10px|10px|10px\u00a0\u00bb global_colors_info=\u00a0\u00bb{}\u00a0\u00bb body_text_color__hover_enabled=\u00a0\u00bboff|desktop\u00a0\u00bb]<\/p>\n<p>\u00c9clairage, syst\u00e8mes de mesure laser 2D et 3D, logiciel de traitement d&rsquo;images, bases de donn\u00e9es et logiciels d&rsquo;analyse<\/p>\n<p>[\/et_pb_blurb][\/et_pb_column][et_pb_column type=\u00a0\u00bb1_4&Prime; _builder_version=\u00a0\u00bb4.27.0&Prime; _module_preset=\u00a0\u00bbdefault\u00a0\u00bb global_colors_info=\u00a0\u00bb{}\u00a0\u00bb][et_pb_blurb title=\u00a0\u00bbTechnologie d&#039;entra\u00eenement servo\u00a0\u00bb image=\u00a0\u00bbhttps:\/\/stv-electronic.de\/wp-content\/uploads\/2025\/10\/Anwendungen_Antriebstechnik-Kachel-e1767604453451.jpeg\u00a0\u00bb image_icon_width=\u00a0\u00bb75%\u00a0\u00bb module_class=\u00a0\u00bbhas-sub-pages\u00a0\u00bb _builder_version=\u00a0\u00bb4.27.0&Prime; _dynamic_attributes=\u00a0\u00bblink_option_url\u00a0\u00bb _module_preset=\u00a0\u00bbdefault\u00a0\u00bb text_orientation=\u00a0\u00bbcenter\u00a0\u00bb link_option_url=\u00a0\u00bb@ET-DC@eyJkeW5hbWljIjp0cnVlLCJjb250ZW50IjoicG9zdF9saW5rX3VybF9wYWdlIiwic2V0dGluZ3MiOnsicG9zdF9pZCI6IjQ1NSIsImVuYWJsZV9odG1sIjoib2ZmIn19@\u00a0\u00bb border_radii_image=\u00a0\u00bbon|10px|10px|10px|10px\u00a0\u00bb global_colors_info=\u00a0\u00bb{}\u00a0\u00bb body_text_color__hover_enabled=\u00a0\u00bboff|desktop\u00a0\u00bb]<\/p>\n<p>Entra\u00eenements \u00e9lectriques hautement dynamiques, entra\u00eenements servo modulaires multi-axes, DAVIS (outil de configuration et visualisation) \u2013 configuration et visualisation d&rsquo;entra\u00eenement<\/p>\n<p>[\/et_pb_blurb][\/et_pb_column][et_pb_column type=\u00a0\u00bb1_4&Prime; _builder_version=\u00a0\u00bb4.27.0&Prime; _module_preset=\u00a0\u00bbdefault\u00a0\u00bb global_colors_info=\u00a0\u00bb{}\u00a0\u00bb][et_pb_blurb title=\u00a0\u00bbSolutions mat\u00e9rielles et logicielles\u00a0\u00bb image=\u00a0\u00bbhttps:\/\/stv-electronic.de\/wp-content\/uploads\/2025\/10\/Anwendungen_Automatisierung-Kachel.jpeg\u00a0\u00bb image_icon_width=\u00a0\u00bb75%\u00a0\u00bb module_class=\u00a0\u00bbhas-sub-pages\u00a0\u00bb _builder_version=\u00a0\u00bb4.27.0&Prime; _dynamic_attributes=\u00a0\u00bblink_option_url\u00a0\u00bb _module_preset=\u00a0\u00bbdefault\u00a0\u00bb text_orientation=\u00a0\u00bbcenter\u00a0\u00bb link_option_url=\u00a0\u00bb@ET-DC@eyJkeW5hbWljIjp0cnVlLCJjb250ZW50IjoicG9zdF9saW5rX3VybF9wYWdlIiwic2V0dGluZ3MiOnsicG9zdF9pZCI6IjM4MSIsImVuYWJsZV9odG1sIjoib2ZmIn19@\u00a0\u00bb border_radii_image=\u00a0\u00bbon|10px|10px|10px|10px\u00a0\u00bb global_colors_info=\u00a0\u00bb{}\u00a0\u00bb body_text_color__hover_enabled=\u00a0\u00bboff|desktop\u00a0\u00bb]<\/p>\n<p>Conception de circuits imprim\u00e9s, syst\u00e8mes de cam\u00e9ras industrielles, d\u00e9veloppements logiciels, Solutions compl\u00e8tes<\/p>\n<p>[\/et_pb_blurb][\/et_pb_column][\/et_pb_row][\/et_pb_section]<\/p>\n","protected":false},"excerpt":{"rendered":"<p><div class=\"c-breadcrumbs\"><a class=\"breadcrumb-homepage breadcrumbs-link\" href=\"https:\/\/www.stv-electronic.de\/fr\/\">STV Electronic - Automatisierungsl\u00f6sungen<\/a><span class=\"breadcrumb-devider\" style=\"font-family:'ETModules';\">5<\/span><span class=\"current-page\">Applications<\/span><\/div>Domaines d&rsquo;applicationNos technologies et solutions innovantes sont utilis\u00e9es dans un large \u00e9ventail de secteurs et de domaines du contr\u00f4le de la production. Qu&rsquo;il s&rsquo;agisse d&rsquo;automatisation, de traitement d\u2019image industriel, de technologie d&rsquo;entra\u00eenement servo ou de solutions mat\u00e9rielles et logicielles sur mesure, notre vaste gamme de produits et de services offre les outils appropri\u00e9s pour rendre [&hellip;]<\/p>\n","protected":false},"author":1,"featured_media":0,"parent":0,"menu_order":0,"comment_status":"closed","ping_status":"closed","template":"","meta":{"_acf_changed":false,"_et_pb_use_builder":"on","_et_pb_old_content":"","_et_gb_content_width":"","footnotes":""},"class_list":["post-1570","page","type-page","status-publish","hentry"],"acf":[],"_links":{"self":[{"href":"https:\/\/www.stv-electronic.de\/fr\/wp-json\/wp\/v2\/pages\/1570","targetHints":{"allow":["GET"]}}],"collection":[{"href":"https:\/\/www.stv-electronic.de\/fr\/wp-json\/wp\/v2\/pages"}],"about":[{"href":"https:\/\/www.stv-electronic.de\/fr\/wp-json\/wp\/v2\/types\/page"}],"author":[{"embeddable":true,"href":"https:\/\/www.stv-electronic.de\/fr\/wp-json\/wp\/v2\/users\/1"}],"replies":[{"embeddable":true,"href":"https:\/\/www.stv-electronic.de\/fr\/wp-json\/wp\/v2\/comments?post=1570"}],"version-history":[{"count":0,"href":"https:\/\/www.stv-electronic.de\/fr\/wp-json\/wp\/v2\/pages\/1570\/revisions"}],"wp:attachment":[{"href":"https:\/\/www.stv-electronic.de\/fr\/wp-json\/wp\/v2\/media?parent=1570"}],"curies":[{"name":"wp","href":"https:\/\/api.w.org\/{rel}","templated":true}]}}