{"id":1550,"date":"2025-10-22T20:22:44","date_gmt":"2025-10-22T18:22:44","guid":{"rendered":"https:\/\/stv-electronic.mp-wd.de\/traitement-industriel-de-limage\/"},"modified":"2026-01-26T14:37:20","modified_gmt":"2026-01-26T13:37:20","slug":"traitement-industriel-de-limage","status":"publish","type":"page","link":"https:\/\/www.stv-electronic.de\/fr\/applications\/traitement-industriel-de-limage\/","title":{"rendered":"Traitement d\u2019image industriel"},"content":{"rendered":"<p>[et_pb_section fb_built=\u00a0\u00bb1&Prime; module_class=\u00a0\u00bbhero-fixed-height\u00a0\u00bb _builder_version=\u00a0\u00bb4.27.0&Prime; _module_preset=\u00a0\u00bbdefault\u00a0\u00bb background_image=\u00a0\u00bbhttps:\/\/stv-electronic.de\/wp-content\/uploads\/2025\/10\/Bildverarbeitung-Header.jpeg\u00a0\u00bb min_height=\u00a0\u00bb420px\u00a0\u00bb min_height_tablet=\u00a0\u00bb250px\u00a0\u00bb min_height_phone=\u00a0\u00bb180px\u00a0\u00bb min_height_last_edited=\u00a0\u00bbon|phone\u00a0\u00bb locked=\u00a0\u00bboff\u00a0\u00bb global_colors_info=\u00a0\u00bb{}\u00a0\u00bb][\/et_pb_section][et_pb_section fb_built=\u00a0\u00bb1&Prime; _builder_version=\u00a0\u00bb4.27.0&Prime; _module_preset=\u00a0\u00bbdefault\u00a0\u00bb background_color=\u00a0\u00bb#E30613&Prime; custom_padding=\u00a0\u00bb0px||0px||true|false\u00a0\u00bb custom_padding_tablet=\u00a0\u00bb0px||0px||true|false\u00a0\u00bb custom_padding_phone=\u00a0\u00bb0px||0px||true|false\u00a0\u00bb global_module=\u00a0\u00bb425&Prime; locked=\u00a0\u00bboff\u00a0\u00bb global_colors_info=\u00a0\u00bb{}\u00a0\u00bb][et_pb_row _builder_version=\u00a0\u00bb4.27.0&Prime; _module_preset=\u00a0\u00bbdefault\u00a0\u00bb custom_padding=\u00a0\u00bb15px||15px||true|false\u00a0\u00bb global_colors_info=\u00a0\u00bb{}\u00a0\u00bb][et_pb_column type=\u00a0\u00bb4_4&Prime; _builder_version=\u00a0\u00bb4.27.0&Prime; _module_preset=\u00a0\u00bbdefault\u00a0\u00bb global_colors_info=\u00a0\u00bb{}\u00a0\u00bb][et_pb_text module_class=\u00a0\u00bbdynamic-breadcrumbs\u00a0\u00bb _builder_version=\u00a0\u00bb4.27.0&Prime; _module_preset=\u00a0\u00bbdefault\u00a0\u00bb text_text_color=\u00a0\u00bb#FFFFFF\u00a0\u00bb link_text_color=\u00a0\u00bb#FFFFFF\u00a0\u00bb global_colors_info=\u00a0\u00bb{}\u00a0\u00bb link_text_color__hover_enabled=\u00a0\u00bboff|hover\u00a0\u00bb]<\/p>\n<div class=\"c-breadcrumbs\"><a class=\"breadcrumb-homepage breadcrumbs-link\" href=\"https:\/\/www.stv-electronic.de\/fr\/\">STV Electronic - Automatisierungsl\u00f6sungen<\/a><span class=\"breadcrumb-devider\" style=\"font-family:'ETModules';\">5<\/span><span class=\"current-page\">Traitement d\u2019image industriel<\/span><\/div>\n<p>[\/et_pb_text][\/et_pb_column][\/et_pb_row][\/et_pb_section][et_pb_section fb_built=\u00a0\u00bb1&Prime; _builder_version=\u00a0\u00bb4.27.0&Prime; _module_preset=\u00a0\u00bbdefault\u00a0\u00bb locked=\u00a0\u00bboff\u00a0\u00bb global_colors_info=\u00a0\u00bb{}\u00a0\u00bb][et_pb_row _builder_version=\u00a0\u00bb4.27.0&Prime; _module_preset=\u00a0\u00bbdefault\u00a0\u00bb custom_margin=\u00a0\u00bb||40px||false|false\u00a0\u00bb custom_padding=\u00a0\u00bb0px||0px||true|false\u00a0\u00bb locked=\u00a0\u00bboff\u00a0\u00bb global_colors_info=\u00a0\u00bb{}\u00a0\u00bb][et_pb_column type=\u00a0\u00bb4_4&Prime; _builder_version=\u00a0\u00bb4.27.0&Prime; _module_preset=\u00a0\u00bbdefault\u00a0\u00bb global_colors_info=\u00a0\u00bb{}\u00a0\u00bb][et_pb_text _builder_version=\u00a0\u00bb4.27.0&Prime; _module_preset=\u00a0\u00bbdefault\u00a0\u00bb header_text_align=\u00a0\u00bbcenter\u00a0\u00bb header_2_text_align=\u00a0\u00bbcenter\u00a0\u00bb custom_margin=\u00a0\u00bb||25px||false|false\u00a0\u00bb global_colors_info=\u00a0\u00bb{}\u00a0\u00bb]<\/p>\n<h1>Traitement d\u2019image industriel<\/h1>\n<p>[\/et_pb_text][et_pb_text _builder_version=\u00a0\u00bb4.27.0&Prime; _module_preset=\u00a0\u00bb971cb436-cf00-4861-8283-9095ee0a6467&Prime; text_font=\u00a0\u00bb|700|||||||\u00a0\u00bb module_alignment=\u00a0\u00bbcenter\u00a0\u00bb custom_margin=\u00a0\u00bb||15px||false|false\u00a0\u00bb hover_enabled=\u00a0\u00bb0&Prime; global_colors_info=\u00a0\u00bb{}\u00a0\u00bb sticky_enabled=\u00a0\u00bb0&Prime;]<\/p>\n<p>La technologie cl\u00e9 pour votre production intelligente<\/p>\n<p>[\/et_pb_text][et_pb_text _builder_version=\u00a0\u00bb4.27.0&Prime; _module_preset=\u00a0\u00bbac2efc07-ca5c-4651-b6c6-b5997ca4cb47&Prime; text_orientation=\u00a0\u00bbcenter\u00a0\u00bb module_alignment=\u00a0\u00bbcenter\u00a0\u00bb global_colors_info=\u00a0\u00bb{}\u00a0\u00bb]Misez sur l\u2019efficacit\u00e9, la pr\u00e9cision et la p\u00e9rennit\u00e9 gr\u00e2ce aux syst\u00e8mes de traitement d\u2019image industriel de STV-Electronic. En tant que composant central de l\u2019industrie 4.0, nos solutions permettent aux machines et aux robots de \u00ab&nbsp;penser visuellement&nbsp;\u00bb, d\u2019optimiser les processus et d\u2019agir de mani\u00e8re autonome. R\u00e9sultat&nbsp;: une qualit\u00e9 \u00e9lev\u00e9e constante, des co\u00fbts r\u00e9duits et une productivit\u00e9 accrue.[\/et_pb_text][\/et_pb_column][\/et_pb_row][et_pb_row _builder_version=\u00a0\u00bb4.27.0&Prime; _module_preset=\u00a0\u00bbdefault\u00a0\u00bb custom_margin=\u00a0\u00bb||40px||false|false\u00a0\u00bb custom_padding=\u00a0\u00bb0px||0px||true|false\u00a0\u00bb locked=\u00a0\u00bboff\u00a0\u00bb global_colors_info=\u00a0\u00bb{}\u00a0\u00bb][et_pb_column type=\u00a0\u00bb4_4&Prime; _builder_version=\u00a0\u00bb4.27.0&Prime; _module_preset=\u00a0\u00bbdefault\u00a0\u00bb global_colors_info=\u00a0\u00bb{}\u00a0\u00bb][et_pb_text _builder_version=\u00a0\u00bb4.27.0&Prime; _module_preset=\u00a0\u00bb971cb436-cf00-4861-8283-9095ee0a6467&Prime; text_font=\u00a0\u00bb|700|||||||\u00a0\u00bb module_alignment=\u00a0\u00bbcenter\u00a0\u00bb custom_margin=\u00a0\u00bb||15px||false|false\u00a0\u00bb hover_enabled=\u00a0\u00bb0&Prime; global_colors_info=\u00a0\u00bb{}\u00a0\u00bb sticky_enabled=\u00a0\u00bb0&Prime;]<\/p>\n<p>Notre force&nbsp;: votre solution individuelle<\/p>\n<p>[\/et_pb_text][et_pb_text module_class=\u00a0\u00bbc-list-style\u00a0\u00bb _builder_version=\u00a0\u00bb4.27.0&Prime; _module_preset=\u00a0\u00bbac2efc07-ca5c-4651-b6c6-b5997ca4cb47&Prime; text_orientation=\u00a0\u00bbcenter\u00a0\u00bb module_alignment=\u00a0\u00bbcenter\u00a0\u00bb global_colors_info=\u00a0\u00bb{}\u00a0\u00bb]Gr\u00e2ce \u00e0 un portefeuille complet de mat\u00e9riel, de logiciel et de Services sur mesure, nous vous offrons une solution compl\u00e8te, parfaitement adapt\u00e9e \u00e0 vos besoins. Qu\u2019il s\u2019agisse de technologie d\u2019\u00e9clairage, de logiciel de traitement d&rsquo;images ou d\u2019analyse performant, nous r\u00e9alisons des solutions syst\u00e8me globales pour votre automatisation.[\/et_pb_text][\/et_pb_column][\/et_pb_row][et_pb_row _builder_version=\u00a0\u00bb4.27.0&Prime; _module_preset=\u00a0\u00bbdefault\u00a0\u00bb custom_margin=\u00a0\u00bb||40px||false|false\u00a0\u00bb custom_padding=\u00a0\u00bb0px||0px||true|false\u00a0\u00bb locked=\u00a0\u00bboff\u00a0\u00bb global_colors_info=\u00a0\u00bb{}\u00a0\u00bb][et_pb_column type=\u00a0\u00bb4_4&Prime; _builder_version=\u00a0\u00bb4.27.0&Prime; _module_preset=\u00a0\u00bbdefault\u00a0\u00bb global_colors_info=\u00a0\u00bb{}\u00a0\u00bb][et_pb_text _builder_version=\u00a0\u00bb4.27.0&Prime; _module_preset=\u00a0\u00bb971cb436-cf00-4861-8283-9095ee0a6467&Prime; text_font=\u00a0\u00bb|700|||||||\u00a0\u00bb module_alignment=\u00a0\u00bbcenter\u00a0\u00bb custom_margin=\u00a0\u00bb||15px||false|false\u00a0\u00bb global_colors_info=\u00a0\u00bb{}\u00a0\u00bb]<\/p>\n<p>Vos avantages en un coup d\u2019\u0153il<\/p>\n<p>[\/et_pb_text][et_pb_text module_class=\u00a0\u00bbc-list-style\u00a0\u00bb _builder_version=\u00a0\u00bb4.27.0&Prime; _module_preset=\u00a0\u00bbac2efc07-ca5c-4651-b6c6-b5997ca4cb47&Prime; text_orientation=\u00a0\u00bbcenter\u00a0\u00bb module_alignment=\u00a0\u00bbcenter\u00a0\u00bb global_colors_info=\u00a0\u00bb{}\u00a0\u00bb]<\/p>\n<ul>\n<li>Gamme compl\u00e8te de produits pour le traitement d\u2019image industriel<\/li>\n<li>Solutions personnalisables pour une efficacit\u00e9 maximale<\/li>\n<li>Architecture ouverte \u2013 compatible avec les principaux fabricants<\/li>\n<li>Longue exp\u00e9rience dans le secteur et expertise<\/li>\n<li>Syst\u00e8mes \u00e9volutifs, structure de co\u00fbts transparente<\/li>\n<li>Conseils personnalis\u00e9s et assistance compl\u00e8te tout au long du projet.<\/li>\n<\/ul>\n<p>[\/et_pb_text][\/et_pb_column][\/et_pb_row][et_pb_row column_structure=\u00a0\u00bb1_3,1_3,1_3&Prime; make_equal=\u00a0\u00bbon\u00a0\u00bb _builder_version=\u00a0\u00bb4.27.0&Prime; _module_preset=\u00a0\u00bbdefault\u00a0\u00bb custom_margin=\u00a0\u00bb||5em||false|false\u00a0\u00bb custom_margin_tablet=\u00a0\u00bb||4em||false|false\u00a0\u00bb custom_margin_phone=\u00a0\u00bb||2em||false|false\u00a0\u00bb custom_margin_last_edited=\u00a0\u00bbon|phone\u00a0\u00bb custom_padding=\u00a0\u00bb0px||0px||true|false\u00a0\u00bb global_colors_info=\u00a0\u00bb{}\u00a0\u00bb][et_pb_column type=\u00a0\u00bb1_3&Prime; _builder_version=\u00a0\u00bb4.27.0&Prime; _module_preset=\u00a0\u00bbdefault\u00a0\u00bb global_colors_info=\u00a0\u00bb{}\u00a0\u00bb][et_pb_button button_url=\u00a0\u00bbhttps:\/\/www.stv-electronic.de\/produkt\/bildverarbeitung\/#Beleuchtungssysteme\u00a0\u00bb button_text=\u00a0\u00bbsyst\u00e8mes d&apos;\u00e9clairage\u00a0\u00bb module_class=\u00a0\u00bbfullwidth-button\u00a0\u00bb _builder_version=\u00a0\u00bb4.27.0&Prime; _module_preset=\u00a0\u00bbdefault\u00a0\u00bb custom_button=\u00a0\u00bbon\u00a0\u00bb button_text_color=\u00a0\u00bb#FFFFFF\u00a0\u00bb button_bg_color=\u00a0\u00bb#E30613&Prime; button_border_color=\u00a0\u00bb#E30613&Prime; button_border_radius=\u00a0\u00bb5px\u00a0\u00bb button_use_icon=\u00a0\u00bboff\u00a0\u00bb custom_padding=\u00a0\u00bb0.4em|1.5em|0.4em|1.5em|true|true\u00a0\u00bb global_colors_info=\u00a0\u00bb{}\u00a0\u00bb button_bg_color__hover_enabled=\u00a0\u00bbon|hover\u00a0\u00bb button_bg_color__hover=\u00a0\u00bb#FFFFFF\u00a0\u00bb button_bg_enable_color__hover=\u00a0\u00bbon\u00a0\u00bb button_text_color__hover_enabled=\u00a0\u00bbon|hover\u00a0\u00bb button_text_color__hover=\u00a0\u00bb#E30613&Prime;][\/et_pb_button][et_pb_image src=\u00a0\u00bbhttps:\/\/stv-electronic.de\/wp-content\/uploads\/2025\/10\/Beleuchtung-Kachel.jpeg\u00a0\u00bb title_text=\u00a0\u00bbTuile d&#039;\u00e9clairage\u00a0\u00bb _builder_version=\u00a0\u00bb4.27.0&Prime; _module_preset=\u00a0\u00bbdefault\u00a0\u00bb custom_margin=\u00a0\u00bb||0px||false|false\u00a0\u00bb border_radii=\u00a0\u00bboff|8px|8px||\u00a0\u00bb global_colors_info=\u00a0\u00bb{}\u00a0\u00bb][\/et_pb_image][et_pb_cta title=\u00a0\u00bbLa premi\u00e8re \u00e9tape vers des r\u00e9sultats pr\u00e9cis&nbsp;: la bonne lumi\u00e8re.\u00a0\u00bb button_url=\u00a0\u00bbhttps:\/\/www.stv-electronic.de\/produkt\/bildverarbeitung\/#Beleuchtungssysteme\u00a0\u00bb button_text=\u00a0\u00bbVers les solutions produits \u00a0\u00bb module_class=\u00a0\u00bbsimiler-height-cta\u00a0\u00bb _builder_version=\u00a0\u00bb4.27.0&Prime; _module_preset=\u00a0\u00bbdefault\u00a0\u00bb header_text_color=\u00a0\u00bb#5D6B78&Prime; body_text_color=\u00a0\u00bb#88959E\u00a0\u00bb background_color=\u00a0\u00bb#FFFFFF\u00a0\u00bb button_text_size=\u00a0\u00bb1rem\u00a0\u00bb button_text_color=\u00a0\u00bb#E30613&Prime; button_border_color=\u00a0\u00bb#E30613&Prime; button_border_radius=\u00a0\u00bb100px\u00a0\u00bb button_icon=\u00a0\u00bb&#x35;||divi||400&Prime; button_on_hover=\u00a0\u00bboff\u00a0\u00bb button_custom_margin=\u00a0\u00bb2.2em||||false|false\u00a0\u00bb button_custom_margin_tablet=\u00a0\u00bb1.5em||||false|false\u00a0\u00bb button_custom_margin_phone=\u00a0\u00bb1em||||false|false\u00a0\u00bb button_custom_margin_last_edited=\u00a0\u00bbon|phone\u00a0\u00bb button_custom_padding=\u00a0\u00bb6px|30px|6px|20px|true|false\u00a0\u00bb custom_padding=\u00a0\u00bb25px|20px|90px|20px|false|true\u00a0\u00bb custom_padding_tablet=\u00a0\u00bb||80px||false|true\u00a0\u00bb custom_padding_phone=\u00a0\u00bb||80px||false|true\u00a0\u00bb custom_padding_last_edited=\u00a0\u00bbon|desktop\u00a0\u00bb border_radii=\u00a0\u00bboff|||8px|8px\u00a0\u00bb box_shadow_style=\u00a0\u00bbpreset1&Prime; box_shadow_blur=\u00a0\u00bb6px\u00a0\u00bb box_shadow_color=\u00a0\u00bbrgba(136,149,158,0.25)\u00a0\u00bb global_colors_info=\u00a0\u00bb{}\u00a0\u00bb button_text_color__hover_enabled=\u00a0\u00bbon|hover\u00a0\u00bb button_text_color__hover=\u00a0\u00bb#FFFFFF\u00a0\u00bb button_bg_color__hover_enabled=\u00a0\u00bbon|hover\u00a0\u00bb button_bg_color__hover=\u00a0\u00bb#E30613&Prime; button_bg_enable_color__hover=\u00a0\u00bbon\u00a0\u00bb]<\/p>\n<p>Un \u00e9clairage optimal est la base d\u2019un traitement de l\u2019image pr\u00e9cis. Nos syst\u00e8mes fournissent une vision fiable et pr\u00e9cise des d\u00e9tails, augmentant ainsi la qualit\u00e9 et l\u2019efficacit\u00e9 de vos processus, adapt\u00e9s individuellement et faciles \u00e0 utiliser. <\/p>\n<p>[\/et_pb_cta][\/et_pb_column][et_pb_column type=\u00a0\u00bb1_3&Prime; _builder_version=\u00a0\u00bb4.27.0&Prime; _module_preset=\u00a0\u00bbdefault\u00a0\u00bb global_colors_info=\u00a0\u00bb{}\u00a0\u00bb][et_pb_button button_url=\u00a0\u00bbhttps:\/\/www.stv-electronic.de\/services\/hardware-entwicklungen\/\u00a0\u00bb button_text=\u00a0\u00bblogiciel de traitement d&apos;images\u00a0\u00bb module_class=\u00a0\u00bbfullwidth-button\u00a0\u00bb _builder_version=\u00a0\u00bb4.27.0&Prime; _module_preset=\u00a0\u00bbdefault\u00a0\u00bb custom_button=\u00a0\u00bbon\u00a0\u00bb button_text_color=\u00a0\u00bb#FFFFFF\u00a0\u00bb button_bg_color=\u00a0\u00bb#E30613&Prime; button_border_color=\u00a0\u00bb#E30613&Prime; button_border_radius=\u00a0\u00bb5px\u00a0\u00bb button_use_icon=\u00a0\u00bboff\u00a0\u00bb custom_padding=\u00a0\u00bb0.4em|1.5em|0.4em|1.5em|true|true\u00a0\u00bb global_colors_info=\u00a0\u00bb{}\u00a0\u00bb button_bg_color__hover_enabled=\u00a0\u00bbon|hover\u00a0\u00bb button_bg_color__hover=\u00a0\u00bb#FFFFFF\u00a0\u00bb button_bg_enable_color__hover=\u00a0\u00bbon\u00a0\u00bb button_text_color__hover_enabled=\u00a0\u00bbon|hover\u00a0\u00bb button_text_color__hover=\u00a0\u00bb#E30613&Prime;][\/et_pb_button][et_pb_image src=\u00a0\u00bbhttps:\/\/stv-electronic.de\/wp-content\/uploads\/2025\/10\/Bildverarbeitung-Kachel.jpeg\u00a0\u00bb title_text=\u00a0\u00bbTuile de traitement de l&#039;image\u00a0\u00bb _builder_version=\u00a0\u00bb4.27.0&Prime; _module_preset=\u00a0\u00bbdefault\u00a0\u00bb custom_margin=\u00a0\u00bb||0px||false|false\u00a0\u00bb border_radii=\u00a0\u00bboff|8px|8px||\u00a0\u00bb global_colors_info=\u00a0\u00bb{}\u00a0\u00bb][\/et_pb_image][et_pb_cta title=\u00a0\u00bbLogiciel intelligent pour des d\u00e9cisions automatis\u00e9es\u00a0\u00bb button_url=\u00a0\u00bbhttps:\/\/www.stv-electronic.de\/produkt\/bildverarbeitung\/#Bildverarbeitungssoftware\u00a0\u00bb button_text=\u00a0\u00bbD\u00e9couvrir le logiciel\u00a0\u00bb module_class=\u00a0\u00bbsimiler-height-cta\u00a0\u00bb _builder_version=\u00a0\u00bb4.27.0&Prime; _module_preset=\u00a0\u00bbdefault\u00a0\u00bb header_text_color=\u00a0\u00bb#5D6B78&Prime; body_text_color=\u00a0\u00bb#88959E\u00a0\u00bb background_color=\u00a0\u00bb#FFFFFF\u00a0\u00bb button_text_size=\u00a0\u00bb1rem\u00a0\u00bb button_text_color=\u00a0\u00bb#E30613&Prime; button_border_color=\u00a0\u00bb#E30613&Prime; button_border_radius=\u00a0\u00bb100px\u00a0\u00bb button_icon=\u00a0\u00bb&#x35;||divi||400&Prime; button_on_hover=\u00a0\u00bboff\u00a0\u00bb button_custom_margin=\u00a0\u00bb2.2em||||false|false\u00a0\u00bb button_custom_margin_tablet=\u00a0\u00bb1.5em||||false|false\u00a0\u00bb button_custom_margin_phone=\u00a0\u00bb1em||||false|false\u00a0\u00bb button_custom_margin_last_edited=\u00a0\u00bbon|phone\u00a0\u00bb button_custom_padding=\u00a0\u00bb6px|30px|6px|20px|true|false\u00a0\u00bb custom_padding=\u00a0\u00bb25px|20px|90px|20px|false|true\u00a0\u00bb custom_padding_tablet=\u00a0\u00bb||80px||false|true\u00a0\u00bb custom_padding_phone=\u00a0\u00bb||80px||false|true\u00a0\u00bb custom_padding_last_edited=\u00a0\u00bbon|desktop\u00a0\u00bb border_radii=\u00a0\u00bboff|||8px|8px\u00a0\u00bb box_shadow_style=\u00a0\u00bbpreset1&Prime; box_shadow_blur=\u00a0\u00bb6px\u00a0\u00bb box_shadow_color=\u00a0\u00bbrgba(136,149,158,0.25)\u00a0\u00bb global_colors_info=\u00a0\u00bb{}\u00a0\u00bb button_text_color__hover_enabled=\u00a0\u00bbon|hover\u00a0\u00bb button_text_color__hover=\u00a0\u00bb#FFFFFF\u00a0\u00bb button_bg_color__hover_enabled=\u00a0\u00bbon|hover\u00a0\u00bb button_bg_color__hover=\u00a0\u00bb#E30613&Prime; button_bg_enable_color__hover=\u00a0\u00bbon\u00a0\u00bb]<\/p>\n<p>Notre logiciel de traitement d&rsquo;images fournit des donn\u00e9es de mesure pr\u00e9cises pour une commande de robot et de machine cibl\u00e9e, efficace, fiable et \u00e9prouv\u00e9e dans l\u2019industrie depuis plus de 15&nbsp;ans.<\/p>\n<p>[\/et_pb_cta][\/et_pb_column][et_pb_column type=\u00a0\u00bb1_3&Prime; _builder_version=\u00a0\u00bb4.27.0&Prime; _module_preset=\u00a0\u00bbdefault\u00a0\u00bb global_colors_info=\u00a0\u00bb{}\u00a0\u00bb][et_pb_button button_url=\u00a0\u00bbhttps:\/\/www.stv-electronic.de\/produkt\/bildverarbeitung\/#Datenanalyse\u00a0\u00bb button_text=\u00a0\u00bbAnalyse des donn\u00e9es ART600&Prime; module_class=\u00a0\u00bbfullwidth-button\u00a0\u00bb _builder_version=\u00a0\u00bb4.27.0&Prime; _module_preset=\u00a0\u00bbdefault\u00a0\u00bb custom_button=\u00a0\u00bbon\u00a0\u00bb button_text_color=\u00a0\u00bb#FFFFFF\u00a0\u00bb button_bg_color=\u00a0\u00bb#E30613&Prime; button_border_color=\u00a0\u00bb#E30613&Prime; button_border_radius=\u00a0\u00bb5px\u00a0\u00bb button_use_icon=\u00a0\u00bboff\u00a0\u00bb custom_padding=\u00a0\u00bb0.4em|1.5em|0.4em|1.5em|true|true\u00a0\u00bb global_colors_info=\u00a0\u00bb{}\u00a0\u00bb button_bg_color__hover_enabled=\u00a0\u00bbon|hover\u00a0\u00bb button_bg_color__hover=\u00a0\u00bb#FFFFFF\u00a0\u00bb button_bg_enable_color__hover=\u00a0\u00bbon\u00a0\u00bb button_text_color__hover_enabled=\u00a0\u00bbon|hover\u00a0\u00bb button_text_color__hover=\u00a0\u00bb#E30613&Prime;][\/et_pb_button][et_pb_image src=\u00a0\u00bbhttps:\/\/stv-electronic.de\/wp-content\/uploads\/2025\/10\/Datenanalyse-Kachel.jpeg\u00a0\u00bb title_text=\u00a0\u00bbTuile d&#039;analyse des donn\u00e9es\u00a0\u00bb _builder_version=\u00a0\u00bb4.27.0&Prime; _module_preset=\u00a0\u00bbdefault\u00a0\u00bb custom_margin=\u00a0\u00bb||0px||false|false\u00a0\u00bb border_radii=\u00a0\u00bboff|8px|8px||\u00a0\u00bb global_colors_info=\u00a0\u00bb{}\u00a0\u00bb][\/et_pb_image][et_pb_cta title=\u00a0\u00bbVotre plateforme de d\u00e9cision&nbsp;: voir, comprendre et utiliser les donn\u00e9es\u00a0\u00bb button_url=\u00a0\u00bbhttps:\/\/www.stv-electronic.de\/produkt\/bildverarbeitung\/#Datenanalyse\u00a0\u00bb button_text=\u00a0\u00bbD\u00e9couvrir l\u2019outil d&#039;analyse\u00a0\u00bb module_class=\u00a0\u00bbsimiler-height-cta\u00a0\u00bb _builder_version=\u00a0\u00bb4.27.0&Prime; _module_preset=\u00a0\u00bbdefault\u00a0\u00bb header_text_color=\u00a0\u00bb#5D6B78&Prime; body_text_color=\u00a0\u00bb#88959E\u00a0\u00bb background_color=\u00a0\u00bb#FFFFFF\u00a0\u00bb button_text_size=\u00a0\u00bb1rem\u00a0\u00bb button_text_color=\u00a0\u00bb#E30613&Prime; button_border_color=\u00a0\u00bb#E30613&Prime; button_border_radius=\u00a0\u00bb100px\u00a0\u00bb button_icon=\u00a0\u00bb&#x35;||divi||400&Prime; button_on_hover=\u00a0\u00bboff\u00a0\u00bb button_custom_margin=\u00a0\u00bb2.2em||||false|false\u00a0\u00bb button_custom_margin_tablet=\u00a0\u00bb1.5em||||false|false\u00a0\u00bb button_custom_margin_phone=\u00a0\u00bb1em||||false|false\u00a0\u00bb button_custom_margin_last_edited=\u00a0\u00bbon|phone\u00a0\u00bb button_custom_padding=\u00a0\u00bb6px|30px|6px|20px|true|false\u00a0\u00bb custom_padding=\u00a0\u00bb25px|20px|90px|20px|false|true\u00a0\u00bb custom_padding_tablet=\u00a0\u00bb||80px||false|true\u00a0\u00bb custom_padding_phone=\u00a0\u00bb||80px||false|true\u00a0\u00bb custom_padding_last_edited=\u00a0\u00bbon|desktop\u00a0\u00bb border_radii=\u00a0\u00bboff|||8px|8px\u00a0\u00bb box_shadow_style=\u00a0\u00bbpreset1&Prime; box_shadow_blur=\u00a0\u00bb6px\u00a0\u00bb box_shadow_color=\u00a0\u00bbrgba(136,149,158,0.25)\u00a0\u00bb global_colors_info=\u00a0\u00bb{}\u00a0\u00bb button_text_color__hover_enabled=\u00a0\u00bbon|hover\u00a0\u00bb button_text_color__hover=\u00a0\u00bb#FFFFFF\u00a0\u00bb button_bg_color__hover_enabled=\u00a0\u00bbon|hover\u00a0\u00bb button_bg_color__hover=\u00a0\u00bb#E30613&Prime; button_bg_enable_color__hover=\u00a0\u00bbon\u00a0\u00bb]<\/p>\n<p>L\u2019outil d&rsquo;analyse ART600 bas\u00e9 sur le Web vous donne un contr\u00f4le total sur vos donn\u00e9es de production, qui peuvent \u00eatre \u00e9valu\u00e9es individuellement, en toute s\u00e9curit\u00e9 et de mani\u00e8re extensible. Pour des d\u00e9cisions \u00e9clair\u00e9es et une productivit\u00e9 accrue mesurable. <\/p>\n<p>[\/et_pb_cta][\/et_pb_column][\/et_pb_row][et_pb_row _builder_version=\u00a0\u00bb4.27.0&Prime; _module_preset=\u00a0\u00bbdefault\u00a0\u00bb global_colors_info=\u00a0\u00bb{}\u00a0\u00bb][et_pb_column type=\u00a0\u00bb4_4&Prime; _builder_version=\u00a0\u00bb4.27.0&Prime; _module_preset=\u00a0\u00bbdefault\u00a0\u00bb global_colors_info=\u00a0\u00bb{}\u00a0\u00bb][et_pb_text _builder_version=\u00a0\u00bb4.27.0&Prime; _module_preset=\u00a0\u00bbdefault\u00a0\u00bb text_font=\u00a0\u00bb&#8211;et_global_body_font|300|||||||\u00a0\u00bb text_text_color=\u00a0\u00bb#5D6B78&Prime; text_font_size=\u00a0\u00bb1.5rem\u00a0\u00bb link_font=\u00a0\u00bb||||||||\u00a0\u00bb link_text_color=\u00a0\u00bb#5D6B78&Prime; header_2_font=\u00a0\u00bb&#8211;et_global_heading_font|700|||||||\u00a0\u00bb header_2_text_align=\u00a0\u00bbcenter\u00a0\u00bb header_2_text_color=\u00a0\u00bb#E30613&Prime; header_2_font_size=\u00a0\u00bb1.5rem\u00a0\u00bb hover_enabled=\u00a0\u00bb0&Prime; text_font_size_tablet=\u00a0\u00bb1.2rem\u00a0\u00bb text_font_size_phone=\u00a0\u00bb1.1rem\u00a0\u00bb text_font_size_last_edited=\u00a0\u00bbon|tablet\u00a0\u00bb header_2_font_size_tablet=\u00a0\u00bb1.4rem\u00a0\u00bb header_2_font_size_phone=\u00a0\u00bb1.3rem\u00a0\u00bb header_2_font_size_last_edited=\u00a0\u00bbon|tablet\u00a0\u00bb global_colors_info=\u00a0\u00bb{}\u00a0\u00bb link_text_color__hover=\u00a0\u00bb#E30613&Prime; link_text_color__hover_enabled=\u00a0\u00bbon|hover\u00a0\u00bb sticky_enabled=\u00a0\u00bb0&Prime;]<\/p>\n<h2>Parlez \u00e0 nos experts&nbsp;!<\/h2>\n<p>[\/et_pb_text][et_pb_text _builder_version=\u00a0\u00bb4.27.0&Prime; _module_preset=\u00a0\u00bbac2efc07-ca5c-4651-b6c6-b5997ca4cb47&Prime; text_text_color=\u00a0\u00bb#5D6B78&Prime; link_font=\u00a0\u00bb||||||||\u00a0\u00bb link_text_color=\u00a0\u00bb#5D6B78&Prime; text_orientation=\u00a0\u00bbcenter\u00a0\u00bb custom_margin=\u00a0\u00bb|auto|7px|auto|false|false\u00a0\u00bb custom_padding=\u00a0\u00bb||5px||false|false\u00a0\u00bb custom_css_main_element=\u00a0\u00bbwidth: fit-content;||\u00a0\u00bb border_color_all=\u00a0\u00bb#88959E\u00a0\u00bb border_width_bottom=\u00a0\u00bb1px\u00a0\u00bb border_color_bottom=\u00a0\u00bbrgba(93,107,120,0.35)\u00a0\u00bb global_colors_info=\u00a0\u00bb{}\u00a0\u00bb border_color_bottom__hover_enabled=\u00a0\u00bbon|hover\u00a0\u00bb border_color_bottom__hover=\u00a0\u00bb#E30613&Prime; link_text_color__hover_enabled=\u00a0\u00bbon|hover\u00a0\u00bb link_text_color__hover=\u00a0\u00bb#E30613&Prime;]<\/p>\n<p><a href=\"mailto:info@stv-electronic.de\">info@stv-electronic.de<\/a><\/p>\n<p>[\/et_pb_text][et_pb_text _builder_version=\u00a0\u00bb4.27.0&Prime; _module_preset=\u00a0\u00bbac2efc07-ca5c-4651-b6c6-b5997ca4cb47&Prime; text_text_color=\u00a0\u00bb#5D6B78&Prime; link_font=\u00a0\u00bb||||||||\u00a0\u00bb link_text_color=\u00a0\u00bb#5D6B78&Prime; text_orientation=\u00a0\u00bbcenter\u00a0\u00bb custom_margin=\u00a0\u00bb|auto||auto|false|false\u00a0\u00bb custom_padding=\u00a0\u00bb||||false|false\u00a0\u00bb custom_css_main_element=\u00a0\u00bb||\u00a0\u00bb global_colors_info=\u00a0\u00bb{}\u00a0\u00bb link_text_color__hover_enabled=\u00a0\u00bbon|hover\u00a0\u00bb link_text_color__hover=\u00a0\u00bb#E30613&Prime;]<a href=\"tel:+49%20(0)5207%2091310\">+49 (0)5207 91310<\/a>[\/et_pb_text][\/et_pb_column][\/et_pb_row][\/et_pb_section]<\/p>\n","protected":false},"excerpt":{"rendered":"<p><div class=\"c-breadcrumbs\"><a class=\"breadcrumb-homepage breadcrumbs-link\" href=\"https:\/\/www.stv-electronic.de\/fr\/\">STV Electronic - Automatisierungsl\u00f6sungen<\/a><span class=\"breadcrumb-devider\" style=\"font-family:'ETModules';\">5<\/span><span class=\"current-page\">Traitement d\u2019image industriel<\/span><\/div>Traitement d\u2019image industrielLa technologie cl\u00e9 pour votre production intelligenteMisez sur l\u2019efficacit\u00e9, la pr\u00e9cision et la p\u00e9rennit\u00e9 gr\u00e2ce aux syst\u00e8mes de traitement d\u2019image industriel de STV-Electronic. En tant que composant central de l\u2019industrie 4.0, nos solutions permettent aux machines et aux robots de \u00ab&nbsp;penser visuellement&nbsp;\u00bb, d\u2019optimiser les processus et d\u2019agir de mani\u00e8re autonome. R\u00e9sultat&nbsp;: une qualit\u00e9 [&hellip;]<\/p>\n","protected":false},"author":1,"featured_media":0,"parent":1570,"menu_order":0,"comment_status":"closed","ping_status":"closed","template":"","meta":{"_acf_changed":false,"_et_pb_use_builder":"on","_et_pb_old_content":"","_et_gb_content_width":"","footnotes":""},"class_list":["post-1550","page","type-page","status-publish","hentry"],"acf":[],"_links":{"self":[{"href":"https:\/\/www.stv-electronic.de\/fr\/wp-json\/wp\/v2\/pages\/1550","targetHints":{"allow":["GET"]}}],"collection":[{"href":"https:\/\/www.stv-electronic.de\/fr\/wp-json\/wp\/v2\/pages"}],"about":[{"href":"https:\/\/www.stv-electronic.de\/fr\/wp-json\/wp\/v2\/types\/page"}],"author":[{"embeddable":true,"href":"https:\/\/www.stv-electronic.de\/fr\/wp-json\/wp\/v2\/users\/1"}],"replies":[{"embeddable":true,"href":"https:\/\/www.stv-electronic.de\/fr\/wp-json\/wp\/v2\/comments?post=1550"}],"version-history":[{"count":0,"href":"https:\/\/www.stv-electronic.de\/fr\/wp-json\/wp\/v2\/pages\/1550\/revisions"}],"up":[{"embeddable":true,"href":"https:\/\/www.stv-electronic.de\/fr\/wp-json\/wp\/v2\/pages\/1570"}],"wp:attachment":[{"href":"https:\/\/www.stv-electronic.de\/fr\/wp-json\/wp\/v2\/media?parent=1550"}],"curies":[{"name":"wp","href":"https:\/\/api.w.org\/{rel}","templated":true}]}}