{"id":1540,"date":"2025-10-22T21:12:53","date_gmt":"2025-10-22T19:12:53","guid":{"rendered":"https:\/\/stv-electronic.mp-wd.de\/technique-dentrainement\/"},"modified":"2026-01-26T14:36:30","modified_gmt":"2026-01-26T13:36:30","slug":"technique-dentrainement","status":"publish","type":"page","link":"https:\/\/www.stv-electronic.de\/fr\/applications\/technique-dentrainement\/","title":{"rendered":"Technique d&rsquo;entra\u00eenement"},"content":{"rendered":"<p>[et_pb_section fb_built=\u00a0\u00bb1&Prime; module_class=\u00a0\u00bbhero-fixed-height\u00a0\u00bb _builder_version=\u00a0\u00bb4.27.0&Prime; _module_preset=\u00a0\u00bbdefault\u00a0\u00bb background_image=\u00a0\u00bbhttps:\/\/stv-electronic.de\/wp-content\/uploads\/2025\/12\/Anwndungen-1.png\u00a0\u00bb min_height=\u00a0\u00bb420px\u00a0\u00bb min_height_tablet=\u00a0\u00bb250px\u00a0\u00bb min_height_phone=\u00a0\u00bb180px\u00a0\u00bb min_height_last_edited=\u00a0\u00bbon|phone\u00a0\u00bb locked=\u00a0\u00bboff\u00a0\u00bb global_colors_info=\u00a0\u00bb{}\u00a0\u00bb][\/et_pb_section][et_pb_section fb_built=\u00a0\u00bb1&Prime; _builder_version=\u00a0\u00bb4.27.0&Prime; _module_preset=\u00a0\u00bbdefault\u00a0\u00bb background_color=\u00a0\u00bb#E30613&Prime; custom_padding=\u00a0\u00bb0px||0px||true|false\u00a0\u00bb custom_padding_tablet=\u00a0\u00bb0px||0px||true|false\u00a0\u00bb custom_padding_phone=\u00a0\u00bb0px||0px||true|false\u00a0\u00bb global_module=\u00a0\u00bb425&Prime; locked=\u00a0\u00bboff\u00a0\u00bb global_colors_info=\u00a0\u00bb{}\u00a0\u00bb][et_pb_row _builder_version=\u00a0\u00bb4.27.0&Prime; _module_preset=\u00a0\u00bbdefault\u00a0\u00bb custom_padding=\u00a0\u00bb15px||15px||true|false\u00a0\u00bb global_colors_info=\u00a0\u00bb{}\u00a0\u00bb][et_pb_column type=\u00a0\u00bb4_4&Prime; _builder_version=\u00a0\u00bb4.27.0&Prime; _module_preset=\u00a0\u00bbdefault\u00a0\u00bb global_colors_info=\u00a0\u00bb{}\u00a0\u00bb][et_pb_text module_class=\u00a0\u00bbdynamic-breadcrumbs\u00a0\u00bb _builder_version=\u00a0\u00bb4.27.0&Prime; _module_preset=\u00a0\u00bbdefault\u00a0\u00bb text_text_color=\u00a0\u00bb#FFFFFF\u00a0\u00bb link_text_color=\u00a0\u00bb#FFFFFF\u00a0\u00bb global_colors_info=\u00a0\u00bb{}\u00a0\u00bb link_text_color__hover_enabled=\u00a0\u00bboff|hover\u00a0\u00bb]<\/p>\n<div class=\"c-breadcrumbs\"><a class=\"breadcrumb-homepage breadcrumbs-link\" href=\"https:\/\/www.stv-electronic.de\/fr\/\">STV Electronic - Automatisierungsl\u00f6sungen<\/a><span class=\"breadcrumb-devider\" style=\"font-family:'ETModules';\">5<\/span><span class=\"current-page\">Technique d&rsquo;entra\u00eenement<\/span><\/div>\n<p>[\/et_pb_text][\/et_pb_column][\/et_pb_row][\/et_pb_section][et_pb_section fb_built=\u00a0\u00bb1&Prime; _builder_version=\u00a0\u00bb4.27.0&Prime; _module_preset=\u00a0\u00bbdefault\u00a0\u00bb locked=\u00a0\u00bboff\u00a0\u00bb global_colors_info=\u00a0\u00bb{}\u00a0\u00bb][et_pb_row _builder_version=\u00a0\u00bb4.27.0&Prime; _module_preset=\u00a0\u00bbdefault\u00a0\u00bb custom_margin=\u00a0\u00bb||40px||false|false\u00a0\u00bb custom_padding=\u00a0\u00bb0px||0px||true|false\u00a0\u00bb locked=\u00a0\u00bboff\u00a0\u00bb global_colors_info=\u00a0\u00bb{}\u00a0\u00bb][et_pb_column type=\u00a0\u00bb4_4&Prime; _builder_version=\u00a0\u00bb4.27.0&Prime; _module_preset=\u00a0\u00bbdefault\u00a0\u00bb global_colors_info=\u00a0\u00bb{}\u00a0\u00bb][et_pb_text _builder_version=\u00a0\u00bb4.27.0&Prime; _module_preset=\u00a0\u00bbdefault\u00a0\u00bb custom_margin=\u00a0\u00bb||25px||false|false\u00a0\u00bb global_colors_info=\u00a0\u00bb{}\u00a0\u00bb]<\/p>\n<h1>Technique d&rsquo;entra\u00eenement<\/h1>\n<p>[\/et_pb_text][et_pb_text _builder_version=\u00a0\u00bb4.27.0&Prime; _module_preset=\u00a0\u00bb971cb436-cf00-4861-8283-9095ee0a6467&Prime; header_text_color=\u00a0\u00bb#5D6B78&Prime; header_2_text_color=\u00a0\u00bb#5D6B78&Prime; header_3_text_color=\u00a0\u00bb#5D6B78&Prime; header_4_text_color=\u00a0\u00bb#5D6B78&Prime; custom_margin=\u00a0\u00bb||15px||false|false\u00a0\u00bb global_colors_info=\u00a0\u00bb{}\u00a0\u00bb]<\/p>\n<p><strong>Pr\u00e9cision et performance pour votre machine<\/strong><\/p>\n<p>[\/et_pb_text][et_pb_text _builder_version=\u00a0\u00bb4.27.0&Prime; _module_preset=\u00a0\u00bbac2efc07-ca5c-4651-b6c6-b5997ca4cb47&Prime; header_text_color=\u00a0\u00bb#5D6B78&Prime; header_2_font=\u00a0\u00bb&#8211;et_global_heading_font|300|||||||\u00a0\u00bb header_2_text_color=\u00a0\u00bb#5D6B78&Prime; header_2_line_height=\u00a0\u00bb1.1em\u00a0\u00bb header_3_font=\u00a0\u00bb&#8211;et_global_heading_font|300|||||||\u00a0\u00bb header_3_text_color=\u00a0\u00bb#5D6B78&Prime; header_3_font_size=\u00a0\u00bb2.8rem\u00a0\u00bb header_3_line_height=\u00a0\u00bb1.1em\u00a0\u00bb header_4_text_color=\u00a0\u00bb#5D6B78&Prime; header_4_line_height=\u00a0\u00bb1.1em\u00a0\u00bb text_orientation=\u00a0\u00bbcenter\u00a0\u00bb module_alignment=\u00a0\u00bbcenter\u00a0\u00bb text_font_size_tablet=\u00a0\u00bb1rem\u00a0\u00bb text_font_size_phone=\u00a0\u00bb0.95rem\u00a0\u00bb text_font_size_last_edited=\u00a0\u00bbon|phone\u00a0\u00bb header_2_font_size_tablet=\u00a0\u00bb\u00a0\u00bb header_2_font_size_phone=\u00a0\u00bb\u00a0\u00bb header_2_font_size_last_edited=\u00a0\u00bbon|desktop\u00a0\u00bb header_3_font_size_tablet=\u00a0\u00bb2rem\u00a0\u00bb header_3_font_size_phone=\u00a0\u00bb1.8rem\u00a0\u00bb header_3_font_size_last_edited=\u00a0\u00bbon|desktop\u00a0\u00bb global_colors_info=\u00a0\u00bb{}\u00a0\u00bb]<\/p>\n<p>Depuis sa cr\u00e9ation, la technique d&rsquo;entra\u00eenement est \u00e9troitement li\u00e9e au nom de STV Electronic. Notre passion est le d\u00e9veloppement et la fabrication d&rsquo;entra\u00eenements \u00e9lectriques tr\u00e8s dynamiques, puissants, modulaires et utilis\u00e9s dans le monde entier. Qu&rsquo;il s&rsquo;agisse de t\u00e2ches de positionnement mono- ou multiaxes, nos solutions convainquent dans le monde entier dans le domaine CNC gr\u00e2ce \u00e0 une pr\u00e9cision, une fiabilit\u00e9 et une flexibilit\u00e9 maximales. D\u00e9couvrez la technique d&rsquo;entra\u00eenement de demain pour vos exigences sp\u00e9cifiques \u00e0 votre secteur&nbsp;!   <\/p>\n<p>[\/et_pb_text][et_pb_text _builder_version=\u00a0\u00bb4.27.0&Prime; _module_preset=\u00a0\u00bbac2efc07-ca5c-4651-b6c6-b5997ca4cb47&Prime; header_text_color=\u00a0\u00bb#5D6B78&Prime; header_2_font=\u00a0\u00bb&#8211;et_global_heading_font|300|||||||\u00a0\u00bb header_2_text_color=\u00a0\u00bb#5D6B78&Prime; header_2_line_height=\u00a0\u00bb1.1em\u00a0\u00bb header_3_font=\u00a0\u00bb&#8211;et_global_heading_font|300|||||||\u00a0\u00bb header_3_text_color=\u00a0\u00bb#5D6B78&Prime; header_3_font_size=\u00a0\u00bb2.8rem\u00a0\u00bb header_3_line_height=\u00a0\u00bb1.1em\u00a0\u00bb header_4_text_color=\u00a0\u00bb#5D6B78&Prime; header_4_line_height=\u00a0\u00bb1.1em\u00a0\u00bb text_orientation=\u00a0\u00bbcenter\u00a0\u00bb module_alignment=\u00a0\u00bbcenter\u00a0\u00bb hover_enabled=\u00a0\u00bb0&Prime; text_font_size_tablet=\u00a0\u00bb1rem\u00a0\u00bb text_font_size_phone=\u00a0\u00bb0.95rem\u00a0\u00bb text_font_size_last_edited=\u00a0\u00bbon|phone\u00a0\u00bb header_2_font_size_tablet=\u00a0\u00bb\u00a0\u00bb header_2_font_size_phone=\u00a0\u00bb\u00a0\u00bb header_2_font_size_last_edited=\u00a0\u00bbon|desktop\u00a0\u00bb header_3_font_size_tablet=\u00a0\u00bb2rem\u00a0\u00bb header_3_font_size_phone=\u00a0\u00bb1.8rem\u00a0\u00bb header_3_font_size_last_edited=\u00a0\u00bbon|desktop\u00a0\u00bb global_colors_info=\u00a0\u00bb{}\u00a0\u00bb sticky_enabled=\u00a0\u00bb0&Prime;]<\/p>\n<p><strong>Pourquoi la technique d&rsquo;entra\u00eenement est-elle essentielle pour votre application&nbsp;?<\/strong><\/p>\n<p>La discipline de la technique d&rsquo;entra\u00eenement englobe bien plus que de simples moteurs&nbsp;: il s&rsquo;agit de syst\u00e8mes intelligents qui g\u00e9n\u00e8rent des mouvements, assurent l&rsquo;alimentation \u00e9nerg\u00e9tique et commandent avec pr\u00e9cision. Une cha\u00eene cin\u00e9matique moderne se compose g\u00e9n\u00e9ralement de moteurs (servo, AC ou DC), de bo\u00eetes de vitesses ou d&rsquo;accouplements, ainsi que de syst\u00e8mes de commande et de r\u00e9gulation. Ces composants transmettent la puissance, r\u00e9gulent le couple et la vitesse de rotation et r\u00e9alisent des s\u00e9quences de mouvements complexes avec une grande pr\u00e9cision. C&rsquo;est pr\u00e9cis\u00e9ment dans les environnements de fabrication exigeants, lors d&rsquo;usinages CNC ou dans des applications multiaxes, que l&rsquo;interaction entre une alimentation \u00e9nerg\u00e9tique efficace, une commande pr\u00e9cise et une construction robuste joue un r\u00f4le d\u00e9cisif.   <\/p>\n<p>[\/et_pb_text][et_pb_text _builder_version=\u00a0\u00bb4.27.0&Prime; _module_preset=\u00a0\u00bb971cb436-cf00-4861-8283-9095ee0a6467&Prime; header_text_color=\u00a0\u00bb#5D6B78&Prime; header_2_text_color=\u00a0\u00bb#5D6B78&Prime; header_3_text_color=\u00a0\u00bb#5D6B78&Prime; header_4_text_color=\u00a0\u00bb#5D6B78&Prime; custom_margin=\u00a0\u00bb||15px||false|false\u00a0\u00bb global_colors_info=\u00a0\u00bb{}\u00a0\u00bb]<\/p>\n<p><strong>Notre force&nbsp;: modularit\u00e9, pr\u00e9cision, polyvalence<\/strong><\/p>\n<p>[\/et_pb_text][et_pb_text _builder_version=\u00a0\u00bb4.27.0&Prime; _module_preset=\u00a0\u00bbac2efc07-ca5c-4651-b6c6-b5997ca4cb47&Prime; header_text_color=\u00a0\u00bb#5D6B78&Prime; header_2_font=\u00a0\u00bb&#8211;et_global_heading_font|300|||||||\u00a0\u00bb header_2_text_color=\u00a0\u00bb#5D6B78&Prime; header_2_line_height=\u00a0\u00bb1.1em\u00a0\u00bb header_3_font=\u00a0\u00bb&#8211;et_global_heading_font|300|||||||\u00a0\u00bb header_3_text_color=\u00a0\u00bb#5D6B78&Prime; header_3_font_size=\u00a0\u00bb2.8rem\u00a0\u00bb header_3_line_height=\u00a0\u00bb1.1em\u00a0\u00bb header_4_text_color=\u00a0\u00bb#5D6B78&Prime; header_4_line_height=\u00a0\u00bb1.1em\u00a0\u00bb text_orientation=\u00a0\u00bbcenter\u00a0\u00bb module_alignment=\u00a0\u00bbcenter\u00a0\u00bb hover_enabled=\u00a0\u00bb0&Prime; text_font_size_tablet=\u00a0\u00bb1rem\u00a0\u00bb text_font_size_phone=\u00a0\u00bb0.95rem\u00a0\u00bb text_font_size_last_edited=\u00a0\u00bbon|phone\u00a0\u00bb header_2_font_size_tablet=\u00a0\u00bb\u00a0\u00bb header_2_font_size_phone=\u00a0\u00bb\u00a0\u00bb header_2_font_size_last_edited=\u00a0\u00bbon|desktop\u00a0\u00bb header_3_font_size_tablet=\u00a0\u00bb2rem\u00a0\u00bb header_3_font_size_phone=\u00a0\u00bb1.8rem\u00a0\u00bb header_3_font_size_last_edited=\u00a0\u00bbon|desktop\u00a0\u00bb global_colors_info=\u00a0\u00bb{}\u00a0\u00bb sticky_enabled=\u00a0\u00bb0&Prime;]<\/p>\n<p><strong>Entra\u00eenements servo modulaires pour syst\u00e8mes mono et multiaxes<\/strong><br \/>Qu&rsquo;il s&rsquo;agisse d&rsquo;un simple positionnement ou d&rsquo;un fonctionnement multiaxes complexe&nbsp;: nos solutions sont \u00e9volutives et s&rsquo;adaptent avec flexibilit\u00e9 \u00e0 vos exigences.<\/p>\n<p><strong>Haute pr\u00e9cision et dynamique<\/strong><br \/>Nos syst\u00e8mes d&rsquo;entra\u00eenement permettent des s\u00e9quences de positionnement et de mouvement exactes, id\u00e9ales pour les machines CNC et les installations d&rsquo;automatisation qui exigent une pr\u00e9cision maximale.<\/p>\n<p><strong>Fiable et \u00e9prouv\u00e9 dans le monde entier<\/strong><br \/>Utilisation dans une grande vari\u00e9t\u00e9 de machines et d&rsquo;industries, soutenue par une technique \u00e9prouv\u00e9e et une longue exp\u00e9rience.<\/p>\n<p><strong>Int\u00e9gration flexible<\/strong><br \/>Gr\u00e2ce \u00e0 une construction modulaire, des interfaces ouvertes et la possibilit\u00e9 de combinaison avec la technique de commande et de r\u00e9gulation, nos solutions d&rsquo;entra\u00eenement s&rsquo;int\u00e8grent facilement dans les syst\u00e8mes existants.<\/p>\n<p>[\/et_pb_text][et_pb_text _builder_version=\u00a0\u00bb4.27.0&Prime; _module_preset=\u00a0\u00bb971cb436-cf00-4861-8283-9095ee0a6467&Prime; header_text_color=\u00a0\u00bb#5D6B78&Prime; header_2_text_color=\u00a0\u00bb#5D6B78&Prime; header_3_text_color=\u00a0\u00bb#5D6B78&Prime; header_4_text_color=\u00a0\u00bb#5D6B78&Prime; custom_margin=\u00a0\u00bb||15px||false|false\u00a0\u00bb global_colors_info=\u00a0\u00bb{}\u00a0\u00bb]<\/p>\n<p><strong>Applications typiques<\/strong><\/p>\n<p>[\/et_pb_text][et_pb_text _builder_version=\u00a0\u00bb4.27.0&Prime; _module_preset=\u00a0\u00bbac2efc07-ca5c-4651-b6c6-b5997ca4cb47&Prime; header_text_color=\u00a0\u00bb#5D6B78&Prime; header_2_font=\u00a0\u00bb&#8211;et_global_heading_font|300|||||||\u00a0\u00bb header_2_text_color=\u00a0\u00bb#5D6B78&Prime; header_2_line_height=\u00a0\u00bb1.1em\u00a0\u00bb header_3_font=\u00a0\u00bb&#8211;et_global_heading_font|300|||||||\u00a0\u00bb header_3_text_color=\u00a0\u00bb#5D6B78&Prime; header_3_font_size=\u00a0\u00bb2.8rem\u00a0\u00bb header_3_line_height=\u00a0\u00bb1.1em\u00a0\u00bb header_4_text_color=\u00a0\u00bb#5D6B78&Prime; header_4_line_height=\u00a0\u00bb1.1em\u00a0\u00bb text_orientation=\u00a0\u00bbcenter\u00a0\u00bb module_alignment=\u00a0\u00bbcenter\u00a0\u00bb text_font_size_tablet=\u00a0\u00bb1rem\u00a0\u00bb text_font_size_phone=\u00a0\u00bb0.95rem\u00a0\u00bb text_font_size_last_edited=\u00a0\u00bbon|phone\u00a0\u00bb header_2_font_size_tablet=\u00a0\u00bb\u00a0\u00bb header_2_font_size_phone=\u00a0\u00bb\u00a0\u00bb header_2_font_size_last_edited=\u00a0\u00bbon|desktop\u00a0\u00bb header_3_font_size_tablet=\u00a0\u00bb2rem\u00a0\u00bb header_3_font_size_phone=\u00a0\u00bb1.8rem\u00a0\u00bb header_3_font_size_last_edited=\u00a0\u00bbon|desktop\u00a0\u00bb global_colors_info=\u00a0\u00bb{}\u00a0\u00bb]Notre technique d&rsquo;entra\u00eenement est utilis\u00e9e partout o\u00f9 des mouvements doivent \u00eatre planifi\u00e9s, command\u00e9s ou automatis\u00e9s&nbsp;:<\/p>\n<p>Machines CNC et centres d&rsquo;usinage<br \/>\nSyst\u00e8mes de positionnement multiaxes<br \/>\nInstallations de fabrication automatis\u00e9es<\/p>\n<p>Machines avec des exigences \u00e9lev\u00e9es en mati\u00e8re de dynamique, pr\u00e9cision de r\u00e9p\u00e9tabilit\u00e9 et efficacit\u00e9[\/et_pb_text][et_pb_text _builder_version=\u00a0\u00bb4.27.0&Prime; _module_preset=\u00a0\u00bbac2efc07-ca5c-4651-b6c6-b5997ca4cb47&Prime; header_text_color=\u00a0\u00bb#5D6B78&Prime; header_2_font=\u00a0\u00bb&#8211;et_global_heading_font|300|||||||\u00a0\u00bb header_2_text_color=\u00a0\u00bb#5D6B78&Prime; header_2_line_height=\u00a0\u00bb1.1em\u00a0\u00bb header_3_font=\u00a0\u00bb&#8211;et_global_heading_font|300|||||||\u00a0\u00bb header_3_text_color=\u00a0\u00bb#5D6B78&Prime; header_3_font_size=\u00a0\u00bb2.8rem\u00a0\u00bb header_3_line_height=\u00a0\u00bb1.1em\u00a0\u00bb header_4_text_color=\u00a0\u00bb#5D6B78&Prime; header_4_line_height=\u00a0\u00bb1.1em\u00a0\u00bb text_orientation=\u00a0\u00bbcenter\u00a0\u00bb module_alignment=\u00a0\u00bbcenter\u00a0\u00bb hover_enabled=\u00a0\u00bb0&Prime; text_font_size_tablet=\u00a0\u00bb1rem\u00a0\u00bb text_font_size_phone=\u00a0\u00bb0.95rem\u00a0\u00bb text_font_size_last_edited=\u00a0\u00bbon|phone\u00a0\u00bb header_2_font_size_tablet=\u00a0\u00bb\u00a0\u00bb header_2_font_size_phone=\u00a0\u00bb\u00a0\u00bb header_2_font_size_last_edited=\u00a0\u00bbon|desktop\u00a0\u00bb header_3_font_size_tablet=\u00a0\u00bb2rem\u00a0\u00bb header_3_font_size_phone=\u00a0\u00bb1.8rem\u00a0\u00bb header_3_font_size_last_edited=\u00a0\u00bbon|desktop\u00a0\u00bb global_colors_info=\u00a0\u00bb{}\u00a0\u00bb sticky_enabled=\u00a0\u00bb0&Prime;]<\/p>\n<p><strong>Comp\u00e9tence en solutions \u2013 De l&rsquo;id\u00e9e \u00e0 la mise en service<\/strong><\/p>\n<p>Chez STV Electronic, nous ne nous consid\u00e9rons pas seulement comme un fournisseur de composants. Nous vous accompagnons de l&rsquo;id\u00e9e \u00e0 la mise en service&nbsp;: de l&rsquo;id\u00e9e de projet \u00e0 l&rsquo;int\u00e9gration mat\u00e9rielle et logicielle, en passant par la mise en service et la prise en charge de votre installation. Nous comblons ainsi le foss\u00e9 entre le d\u00e9fi technique et la solution conviviale.  <\/p>\n<p>[\/et_pb_text][et_pb_button button_url=\u00a0\u00bb@ET-DC@eyJkeW5hbWljIjp0cnVlLCJjb250ZW50IjoicG9zdF9saW5rX3VybF9wcm9kdWt0Iiwic2V0dGluZ3MiOnsicG9zdF9pZCI6IjM1OCIsImVuYWJsZV9odG1sIjoib2ZmIn19@\u00a0\u00bb button_text=\u00a0\u00bbNos produits\u00a0\u00bb button_alignment=\u00a0\u00bbcenter\u00a0\u00bb _builder_version=\u00a0\u00bb4.27.0&Prime; _dynamic_attributes=\u00a0\u00bbbutton_url\u00a0\u00bb _module_preset=\u00a0\u00bbc6d146bd-c4f1-45ef-80ae-858dedb63e47&Prime; custom_margin=\u00a0\u00bb45px||||false|false\u00a0\u00bb global_colors_info=\u00a0\u00bb{}\u00a0\u00bb][\/et_pb_button][\/et_pb_column][\/et_pb_row][\/et_pb_section]<\/p>\n","protected":false},"excerpt":{"rendered":"<p><div class=\"c-breadcrumbs\"><a class=\"breadcrumb-homepage breadcrumbs-link\" href=\"https:\/\/www.stv-electronic.de\/fr\/\">STV Electronic - Automatisierungsl\u00f6sungen<\/a><span class=\"breadcrumb-devider\" style=\"font-family:'ETModules';\">5<\/span><span class=\"current-page\">Technique d&rsquo;entra\u00eenement<\/span><\/div>Technique d&rsquo;entra\u00eenementPr\u00e9cision et performance pour votre machineDepuis sa cr\u00e9ation, la technique d&rsquo;entra\u00eenement est \u00e9troitement li\u00e9e au nom de STV Electronic. Notre passion est le d\u00e9veloppement et la fabrication d&rsquo;entra\u00eenements \u00e9lectriques tr\u00e8s dynamiques, puissants, modulaires et utilis\u00e9s dans le monde entier. Qu&rsquo;il s&rsquo;agisse de t\u00e2ches de positionnement mono- ou multiaxes, nos solutions convainquent dans le monde [&hellip;]<\/p>\n","protected":false},"author":1,"featured_media":0,"parent":1570,"menu_order":0,"comment_status":"closed","ping_status":"closed","template":"","meta":{"_acf_changed":false,"_et_pb_use_builder":"on","_et_pb_old_content":"","_et_gb_content_width":"","footnotes":""},"class_list":["post-1540","page","type-page","status-publish","hentry"],"acf":[],"_links":{"self":[{"href":"https:\/\/www.stv-electronic.de\/fr\/wp-json\/wp\/v2\/pages\/1540","targetHints":{"allow":["GET"]}}],"collection":[{"href":"https:\/\/www.stv-electronic.de\/fr\/wp-json\/wp\/v2\/pages"}],"about":[{"href":"https:\/\/www.stv-electronic.de\/fr\/wp-json\/wp\/v2\/types\/page"}],"author":[{"embeddable":true,"href":"https:\/\/www.stv-electronic.de\/fr\/wp-json\/wp\/v2\/users\/1"}],"replies":[{"embeddable":true,"href":"https:\/\/www.stv-electronic.de\/fr\/wp-json\/wp\/v2\/comments?post=1540"}],"version-history":[{"count":0,"href":"https:\/\/www.stv-electronic.de\/fr\/wp-json\/wp\/v2\/pages\/1540\/revisions"}],"up":[{"embeddable":true,"href":"https:\/\/www.stv-electronic.de\/fr\/wp-json\/wp\/v2\/pages\/1570"}],"wp:attachment":[{"href":"https:\/\/www.stv-electronic.de\/fr\/wp-json\/wp\/v2\/media?parent=1540"}],"curies":[{"name":"wp","href":"https:\/\/api.w.org\/{rel}","templated":true}]}}