{"id":1530,"date":"2025-10-22T15:58:01","date_gmt":"2025-10-22T13:58:01","guid":{"rendered":"https:\/\/stv-electronic.mp-wd.de\/developpement-materiel-et-logiciel\/"},"modified":"2026-01-26T14:36:01","modified_gmt":"2026-01-26T13:36:01","slug":"developpement-materiel-et-logiciel","status":"publish","type":"page","link":"https:\/\/www.stv-electronic.de\/fr\/applications\/developpement-materiel-et-logiciel\/","title":{"rendered":"D\u00e9veloppement mat\u00e9riel et logiciel"},"content":{"rendered":"<p>[et_pb_section fb_built=\u00a0\u00bb1&Prime; module_class=\u00a0\u00bbhero-fixed-height\u00a0\u00bb _builder_version=\u00a0\u00bb4.27.0&Prime; _module_preset=\u00a0\u00bbdefault\u00a0\u00bb background_image=\u00a0\u00bbhttps:\/\/stv-electronic.de\/wp-content\/uploads\/2025\/10\/Hard-Software_Header.jpeg\u00a0\u00bb min_height=\u00a0\u00bb420px\u00a0\u00bb min_height_tablet=\u00a0\u00bb250px\u00a0\u00bb min_height_phone=\u00a0\u00bb180px\u00a0\u00bb min_height_last_edited=\u00a0\u00bbon|phone\u00a0\u00bb locked=\u00a0\u00bboff\u00a0\u00bb global_colors_info=\u00a0\u00bb{}\u00a0\u00bb][\/et_pb_section][et_pb_section fb_built=\u00a0\u00bb1&Prime; _builder_version=\u00a0\u00bb4.27.0&Prime; _module_preset=\u00a0\u00bbdefault\u00a0\u00bb background_color=\u00a0\u00bb#E30613&Prime; custom_padding=\u00a0\u00bb0px||0px||true|false\u00a0\u00bb custom_padding_tablet=\u00a0\u00bb0px||0px||true|false\u00a0\u00bb custom_padding_phone=\u00a0\u00bb0px||0px||true|false\u00a0\u00bb global_module=\u00a0\u00bb425&Prime; locked=\u00a0\u00bboff\u00a0\u00bb global_colors_info=\u00a0\u00bb{}\u00a0\u00bb][et_pb_row _builder_version=\u00a0\u00bb4.27.0&Prime; _module_preset=\u00a0\u00bbdefault\u00a0\u00bb custom_padding=\u00a0\u00bb15px||15px||true|false\u00a0\u00bb global_colors_info=\u00a0\u00bb{}\u00a0\u00bb][et_pb_column type=\u00a0\u00bb4_4&Prime; _builder_version=\u00a0\u00bb4.27.0&Prime; _module_preset=\u00a0\u00bbdefault\u00a0\u00bb global_colors_info=\u00a0\u00bb{}\u00a0\u00bb][et_pb_text module_class=\u00a0\u00bbdynamic-breadcrumbs\u00a0\u00bb _builder_version=\u00a0\u00bb4.27.0&Prime; _module_preset=\u00a0\u00bbdefault\u00a0\u00bb text_text_color=\u00a0\u00bb#FFFFFF\u00a0\u00bb link_text_color=\u00a0\u00bb#FFFFFF\u00a0\u00bb global_colors_info=\u00a0\u00bb{}\u00a0\u00bb link_text_color__hover_enabled=\u00a0\u00bboff|hover\u00a0\u00bb]<\/p>\n<div class=\"c-breadcrumbs\"><a class=\"breadcrumb-homepage breadcrumbs-link\" href=\"https:\/\/www.stv-electronic.de\/fr\/\">STV Electronic - Automatisierungsl\u00f6sungen<\/a><span class=\"breadcrumb-devider\" style=\"font-family:'ETModules';\">5<\/span><span class=\"current-page\">D\u00e9veloppement mat\u00e9riel et logiciel<\/span><\/div>\n<p>[\/et_pb_text][\/et_pb_column][\/et_pb_row][\/et_pb_section][et_pb_section fb_built=\u00a0\u00bb1&Prime; _builder_version=\u00a0\u00bb4.27.0&Prime; _module_preset=\u00a0\u00bbdefault\u00a0\u00bb locked=\u00a0\u00bboff\u00a0\u00bb global_colors_info=\u00a0\u00bb{}\u00a0\u00bb][et_pb_row _builder_version=\u00a0\u00bb4.27.0&Prime; _module_preset=\u00a0\u00bbdefault\u00a0\u00bb custom_margin=\u00a0\u00bb||40px||false|false\u00a0\u00bb custom_padding=\u00a0\u00bb0px||0px||true|false\u00a0\u00bb locked=\u00a0\u00bboff\u00a0\u00bb global_colors_info=\u00a0\u00bb{}\u00a0\u00bb][et_pb_column type=\u00a0\u00bb4_4&Prime; _builder_version=\u00a0\u00bb4.27.0&Prime; _module_preset=\u00a0\u00bbdefault\u00a0\u00bb global_colors_info=\u00a0\u00bb{}\u00a0\u00bb][et_pb_text _builder_version=\u00a0\u00bb4.27.0&Prime; _module_preset=\u00a0\u00bb_initial\u00a0\u00bb header_text_align=\u00a0\u00bbcenter\u00a0\u00bb header_2_text_align=\u00a0\u00bbcenter\u00a0\u00bb custom_margin=\u00a0\u00bb||25px||false|false\u00a0\u00bb global_colors_info=\u00a0\u00bb{}\u00a0\u00bb]<\/p>\n<h1>D\u00e9veloppement mat\u00e9riel et logiciel<\/h1>\n<p>[\/et_pb_text][et_pb_text _builder_version=\u00a0\u00bb4.27.0&Prime; _module_preset=\u00a0\u00bb971cb436-cf00-4861-8283-9095ee0a6467&Prime; custom_margin=\u00a0\u00bb||15px||false|false\u00a0\u00bb global_colors_info=\u00a0\u00bb{}\u00a0\u00bb]<\/p>\n<p><strong>Ensemble vers le succ\u00e8s \u2013 avec des solutions sur mesure et un partenariat personnalis\u00e9<\/strong><\/p>\n<p>[\/et_pb_text][et_pb_text _builder_version=\u00a0\u00bb4.27.0&Prime; _module_preset=\u00a0\u00bbac2efc07-ca5c-4651-b6c6-b5997ca4cb47&Prime; text_orientation=\u00a0\u00bbcenter\u00a0\u00bb module_alignment=\u00a0\u00bbcenter\u00a0\u00bb global_colors_info=\u00a0\u00bb{}\u00a0\u00bb]<\/p>\n<p>Dans un paysage de march\u00e9 dynamique, vous avez besoin de plus que de simples produits : vous avez besoin d\u2019un partenaire solide qui pense de mani\u00e8re globale et r\u00e9pond individuellement \u00e0 vos besoins. Nous vous accompagnons avec engagement, flexibilit\u00e9 et fiabilit\u00e9 \u2013 de la premi\u00e8re id\u00e9e \u00e0 la solution finale. Profitez de produits innovants, de Services complets et de notre longue exp\u00e9rience pour mettre en \u0153uvre vos projets de mani\u00e8re optimale.<\/p>\n<p>[\/et_pb_text][\/et_pb_column][\/et_pb_row][et_pb_row _builder_version=\u00a0\u00bb4.27.0&Prime; _module_preset=\u00a0\u00bbdefault\u00a0\u00bb custom_margin=\u00a0\u00bb||40px||false|false\u00a0\u00bb custom_padding=\u00a0\u00bb0px||0px||true|false\u00a0\u00bb locked=\u00a0\u00bboff\u00a0\u00bb global_colors_info=\u00a0\u00bb{}\u00a0\u00bb][et_pb_column type=\u00a0\u00bb4_4&Prime; _builder_version=\u00a0\u00bb4.27.0&Prime; _module_preset=\u00a0\u00bbdefault\u00a0\u00bb global_colors_info=\u00a0\u00bb{}\u00a0\u00bb][et_pb_text _builder_version=\u00a0\u00bb4.27.0&Prime; _module_preset=\u00a0\u00bb971cb436-cf00-4861-8283-9095ee0a6467&Prime; custom_margin=\u00a0\u00bb||15px||false|false\u00a0\u00bb global_colors_info=\u00a0\u00bb{}\u00a0\u00bb]<\/p>\n<p><strong>Vos avantages en un coup d\u2019\u0153il<\/strong><\/p>\n<p>[\/et_pb_text][et_pb_text module_class=\u00a0\u00bbc-list-style\u00a0\u00bb _builder_version=\u00a0\u00bb4.27.0&Prime; _module_preset=\u00a0\u00bbac2efc07-ca5c-4651-b6c6-b5997ca4cb47&Prime; text_orientation=\u00a0\u00bbcenter\u00a0\u00bb module_alignment=\u00a0\u00bbcenter\u00a0\u00bb global_colors_info=\u00a0\u00bb{}\u00a0\u00bb]<\/p>\n<ul>\n<li><strong>Flexibilit\u00e9 maximale :<\/strong> Contr\u00f4leurs et composants d&rsquo;automatisation avec des syst\u00e8mes ouverts<\/li>\n<li><strong>Exp\u00e9rience et expertise :<\/strong> Profitez des connaissances et de l\u2019exp\u00e9rience de nos experts<\/li>\n<li><strong>Contr\u00f4le total des co\u00fbts :<\/strong> Transparent et planifiable, sans frais cach\u00e9s<\/li>\n<li><strong>Ind\u00e9pendance vis-\u00e0-vis des syst\u00e8mes :<\/strong> Compatible avec tous les syst\u00e8mes d\u2019automatisation courants<\/li>\n<li><strong>Extension sur mesure :<\/strong> Interfaces flexibles et composants d\u2019extension modulaires<\/li>\n<li><strong>Assistance compl\u00e8te :<\/strong> Documentation vari\u00e9e et conseils personnalis\u00e9s \u2013 \u00e0 chaque phase du projet<\/li>\n<\/ul>\n<p>[\/et_pb_text][\/et_pb_column][\/et_pb_row][et_pb_row column_structure=\u00a0\u00bb1_3,1_3,1_3&Prime; _builder_version=\u00a0\u00bb4.27.0&Prime; _module_preset=\u00a0\u00bbdefault\u00a0\u00bb custom_margin=\u00a0\u00bb||5em||false|false\u00a0\u00bb custom_margin_tablet=\u00a0\u00bb||4em||false|false\u00a0\u00bb custom_margin_phone=\u00a0\u00bb||2em||false|false\u00a0\u00bb custom_margin_last_edited=\u00a0\u00bbon|phone\u00a0\u00bb custom_padding=\u00a0\u00bb0px||0px||true|false\u00a0\u00bb global_colors_info=\u00a0\u00bb{}\u00a0\u00bb][et_pb_column type=\u00a0\u00bb1_3&Prime; _builder_version=\u00a0\u00bb4.27.0&Prime; _module_preset=\u00a0\u00bbdefault\u00a0\u00bb global_colors_info=\u00a0\u00bb{}\u00a0\u00bb][et_pb_button button_url=\u00a0\u00bbhttps:\/\/www.stv-electronic.de\/services\/hardware-entwicklungen\/\u00a0\u00bb button_text=\u00a0\u00bbD\u00e9veloppements mat\u00e9riels\u00a0\u00bb module_class=\u00a0\u00bbfullwidth-button\u00a0\u00bb _builder_version=\u00a0\u00bb4.27.0&Prime; _module_preset=\u00a0\u00bbdefault\u00a0\u00bb custom_button=\u00a0\u00bbon\u00a0\u00bb button_text_color=\u00a0\u00bb#FFFFFF\u00a0\u00bb button_bg_color=\u00a0\u00bb#E30613&Prime; button_border_color=\u00a0\u00bb#E30613&Prime; button_border_radius=\u00a0\u00bb5px\u00a0\u00bb button_use_icon=\u00a0\u00bboff\u00a0\u00bb custom_padding=\u00a0\u00bb0.4em|1.5em|0.4em|1.5em|true|true\u00a0\u00bb global_colors_info=\u00a0\u00bb{}\u00a0\u00bb button_bg_color__hover_enabled=\u00a0\u00bbon|hover\u00a0\u00bb button_bg_color__hover=\u00a0\u00bb#FFFFFF\u00a0\u00bb button_bg_enable_color__hover=\u00a0\u00bbon\u00a0\u00bb button_text_color__hover_enabled=\u00a0\u00bbon|hover\u00a0\u00bb button_text_color__hover=\u00a0\u00bb#E30613&Prime;][\/et_pb_button][et_pb_image src=\u00a0\u00bbhttps:\/\/stv-electronic.de\/wp-content\/uploads\/2026\/01\/Hardware-Kachel-1.jpg\u00a0\u00bb title_text=\u00a0\u00bbTuile mat\u00e9rielle\u00a0\u00bb _builder_version=\u00a0\u00bb4.27.0&Prime; _module_preset=\u00a0\u00bbdefault\u00a0\u00bb custom_margin=\u00a0\u00bb||0px||false|false\u00a0\u00bb hover_enabled=\u00a0\u00bb0&Prime; border_radii=\u00a0\u00bboff|8px|8px||\u00a0\u00bb global_colors_info=\u00a0\u00bb{}\u00a0\u00bb sticky_enabled=\u00a0\u00bb0&Prime;][\/et_pb_image][et_pb_cta title=\u00a0\u00bbComposants innovants, parfaitement adapt\u00e9s \u00e0 vos exigences.\u00a0\u00bb button_url=\u00a0\u00bbhttps:\/\/www.stv-electronic.de\/services\/hardware-entwicklungen\/\u00a0\u00bb button_text=\u00a0\u00bbVers les D\u00e9veloppements mat\u00e9riels\u00a0\u00bb module_class=\u00a0\u00bbsimiler-height-cta\u00a0\u00bb _builder_version=\u00a0\u00bb4.27.0&Prime; _module_preset=\u00a0\u00bbdefault\u00a0\u00bb header_text_color=\u00a0\u00bb#5D6B78&Prime; body_text_color=\u00a0\u00bb#88959E\u00a0\u00bb background_color=\u00a0\u00bb#FFFFFF\u00a0\u00bb button_text_size=\u00a0\u00bb1rem\u00a0\u00bb button_text_color=\u00a0\u00bb#E30613&Prime; button_border_color=\u00a0\u00bb#E30613&Prime; button_border_radius=\u00a0\u00bb100px\u00a0\u00bb button_icon=\u00a0\u00bb&#x35;||divi||400&Prime; button_on_hover=\u00a0\u00bboff\u00a0\u00bb button_custom_margin=\u00a0\u00bb0px||||false|false\u00a0\u00bb button_custom_padding=\u00a0\u00bb6px|30px|6px|20px|true|false\u00a0\u00bb custom_padding=\u00a0\u00bb25px|20px|90px|20px|false|true\u00a0\u00bb custom_padding_tablet=\u00a0\u00bb||80px||false|true\u00a0\u00bb custom_padding_phone=\u00a0\u00bb||80px||false|true\u00a0\u00bb custom_padding_last_edited=\u00a0\u00bbon|desktop\u00a0\u00bb border_radii=\u00a0\u00bboff|||8px|8px\u00a0\u00bb box_shadow_style=\u00a0\u00bbpreset1&Prime; box_shadow_blur=\u00a0\u00bb6px\u00a0\u00bb box_shadow_color=\u00a0\u00bbrgba(136,149,158,0.25)\u00a0\u00bb global_colors_info=\u00a0\u00bb{}\u00a0\u00bb button_text_color__hover_enabled=\u00a0\u00bbon|hover\u00a0\u00bb button_text_color__hover=\u00a0\u00bb#FFFFFF\u00a0\u00bb button_bg_color__hover_enabled=\u00a0\u00bbon|hover\u00a0\u00bb button_bg_color__hover=\u00a0\u00bb#E30613&Prime; button_bg_enable_color__hover=\u00a0\u00bbon\u00a0\u00bb]<\/p>\n<p>Conception de circuits imprim\u00e9s robuste \u2013 adapt\u00e9e individuellement aux applications industrielles exigeantes \u2013 et syst\u00e8mes de cam\u00e9ras industrielles performants pour les exigences techniques les plus \u00e9lev\u00e9es.<\/p>\n<p>[\/et_pb_cta][\/et_pb_column][et_pb_column type=\u00a0\u00bb1_3&Prime; _builder_version=\u00a0\u00bb4.27.0&Prime; _module_preset=\u00a0\u00bbdefault\u00a0\u00bb global_colors_info=\u00a0\u00bb{}\u00a0\u00bb][et_pb_button button_url=\u00a0\u00bbhttps:\/\/www.stv-electronic.de\/services\/softwareentwicklungen\/\u00a0\u00bb button_text=\u00a0\u00bbD\u00e9veloppement de logiciels\u00a0\u00bb module_class=\u00a0\u00bbfullwidth-button\u00a0\u00bb _builder_version=\u00a0\u00bb4.27.0&Prime; _module_preset=\u00a0\u00bbdefault\u00a0\u00bb custom_button=\u00a0\u00bbon\u00a0\u00bb button_text_color=\u00a0\u00bb#FFFFFF\u00a0\u00bb button_bg_color=\u00a0\u00bb#E30613&Prime; button_border_color=\u00a0\u00bb#E30613&Prime; button_border_radius=\u00a0\u00bb5px\u00a0\u00bb button_use_icon=\u00a0\u00bboff\u00a0\u00bb custom_padding=\u00a0\u00bb0.4em|1.5em|0.4em|1.5em|true|true\u00a0\u00bb global_colors_info=\u00a0\u00bb{}\u00a0\u00bb button_bg_color__hover_enabled=\u00a0\u00bbon|hover\u00a0\u00bb button_bg_color__hover=\u00a0\u00bb#FFFFFF\u00a0\u00bb button_bg_enable_color__hover=\u00a0\u00bbon\u00a0\u00bb button_text_color__hover_enabled=\u00a0\u00bbon|hover\u00a0\u00bb button_text_color__hover=\u00a0\u00bb#E30613&Prime;][\/et_pb_button][et_pb_image src=\u00a0\u00bbhttps:\/\/stv-electronic.de\/wp-content\/uploads\/2026\/01\/Software-Kachel-1.jpg\u00a0\u00bb title_text=\u00a0\u00bbTuile logicielle\u00a0\u00bb _builder_version=\u00a0\u00bb4.27.0&Prime; _module_preset=\u00a0\u00bbdefault\u00a0\u00bb custom_margin=\u00a0\u00bb||0px||false|false\u00a0\u00bb hover_enabled=\u00a0\u00bb0&Prime; border_radii=\u00a0\u00bboff|8px|8px||\u00a0\u00bb global_colors_info=\u00a0\u00bb{}\u00a0\u00bb sticky_enabled=\u00a0\u00bb0&Prime;][\/et_pb_image][et_pb_cta title=\u00a0\u00bbSolutions intelligemment programm\u00e9es pour une efficacit\u00e9 et une flexibilit\u00e9 maximales.\u00a0\u00bb button_url=\u00a0\u00bbhttps:\/\/www.stv-electronic.de\/services\/softwareentwicklungen\/\u00a0\u00bb button_text=\u00a0\u00bbVers les D\u00e9veloppements logiciels\u00a0\u00bb module_class=\u00a0\u00bbsimiler-height-cta\u00a0\u00bb _builder_version=\u00a0\u00bb4.27.0&Prime; _module_preset=\u00a0\u00bbdefault\u00a0\u00bb header_text_color=\u00a0\u00bb#5D6B78&Prime; body_text_color=\u00a0\u00bb#88959E\u00a0\u00bb background_color=\u00a0\u00bb#FFFFFF\u00a0\u00bb button_text_size=\u00a0\u00bb1rem\u00a0\u00bb button_text_color=\u00a0\u00bb#E30613&Prime; button_border_color=\u00a0\u00bb#E30613&Prime; button_border_radius=\u00a0\u00bb100px\u00a0\u00bb button_icon=\u00a0\u00bb&#x35;||divi||400&Prime; button_on_hover=\u00a0\u00bboff\u00a0\u00bb button_custom_margin=\u00a0\u00bb0px||||false|false\u00a0\u00bb button_custom_margin_tablet=\u00a0\u00bb1.5em||||false|false\u00a0\u00bb button_custom_margin_phone=\u00a0\u00bb1em||||false|false\u00a0\u00bb button_custom_margin_last_edited=\u00a0\u00bbon|phone\u00a0\u00bb button_custom_padding=\u00a0\u00bb6px|30px|6px|20px|true|false\u00a0\u00bb custom_padding=\u00a0\u00bb25px|20px|90px|20px|false|true\u00a0\u00bb custom_padding_tablet=\u00a0\u00bb||80px||false|true\u00a0\u00bb custom_padding_phone=\u00a0\u00bb||80px||false|true\u00a0\u00bb custom_padding_last_edited=\u00a0\u00bbon|desktop\u00a0\u00bb border_radii=\u00a0\u00bboff|||8px|8px\u00a0\u00bb box_shadow_style=\u00a0\u00bbpreset1&Prime; box_shadow_blur=\u00a0\u00bb6px\u00a0\u00bb box_shadow_color=\u00a0\u00bbrgba(136,149,158,0.25)\u00a0\u00bb global_colors_info=\u00a0\u00bb{}\u00a0\u00bb button_text_color__hover_enabled=\u00a0\u00bbon|hover\u00a0\u00bb button_text_color__hover=\u00a0\u00bb#FFFFFF\u00a0\u00bb button_bg_color__hover_enabled=\u00a0\u00bbon|hover\u00a0\u00bb button_bg_color__hover=\u00a0\u00bb#E30613&Prime; button_bg_enable_color__hover=\u00a0\u00bbon\u00a0\u00bb]<\/p>\n<p>Solutions logicielles sur mesure pour des Applications individuelles sous Windows ou Linux \u2013 exactement adapt\u00e9es \u00e0 vos besoins.<\/p>\n<p>[\/et_pb_cta][\/et_pb_column][et_pb_column type=\u00a0\u00bb1_3&Prime; _builder_version=\u00a0\u00bb4.27.0&Prime; _module_preset=\u00a0\u00bbdefault\u00a0\u00bb global_colors_info=\u00a0\u00bb{}\u00a0\u00bb][et_pb_button button_url=\u00a0\u00bbhttps:\/\/www.stv-electronic.de\/services\/komplettlosungen\/\u00a0\u00bb button_text=\u00a0\u00bbSolutions compl\u00e8tes\u00a0\u00bb module_class=\u00a0\u00bbfullwidth-button\u00a0\u00bb _builder_version=\u00a0\u00bb4.27.0&Prime; _module_preset=\u00a0\u00bbdefault\u00a0\u00bb custom_button=\u00a0\u00bbon\u00a0\u00bb button_text_color=\u00a0\u00bb#FFFFFF\u00a0\u00bb button_bg_color=\u00a0\u00bb#E30613&Prime; button_border_color=\u00a0\u00bb#E30613&Prime; button_border_radius=\u00a0\u00bb5px\u00a0\u00bb button_use_icon=\u00a0\u00bboff\u00a0\u00bb custom_padding=\u00a0\u00bb0.4em|1.5em|0.4em|1.5em|true|true\u00a0\u00bb global_colors_info=\u00a0\u00bb{}\u00a0\u00bb button_bg_color__hover_enabled=\u00a0\u00bbon|hover\u00a0\u00bb button_bg_color__hover=\u00a0\u00bb#FFFFFF\u00a0\u00bb button_bg_enable_color__hover=\u00a0\u00bbon\u00a0\u00bb button_text_color__hover_enabled=\u00a0\u00bbon|hover\u00a0\u00bb button_text_color__hover=\u00a0\u00bb#E30613&Prime;][\/et_pb_button][et_pb_image src=\u00a0\u00bbhttps:\/\/stv-electronic.de\/wp-content\/uploads\/2026\/01\/Komplett-Loesungen-Kachel-1.jpg\u00a0\u00bb title_text=\u00a0\u00bbTuile Solutions compl\u00e8tes\u00a0\u00bb _builder_version=\u00a0\u00bb4.27.0&Prime; _module_preset=\u00a0\u00bbdefault\u00a0\u00bb custom_margin=\u00a0\u00bb||0px||false|false\u00a0\u00bb hover_enabled=\u00a0\u00bb0&Prime; border_radii=\u00a0\u00bboff|8px|8px||\u00a0\u00bb global_colors_info=\u00a0\u00bb{}\u00a0\u00bb sticky_enabled=\u00a0\u00bb0&Prime;][\/et_pb_image][et_pb_cta title=\u00a0\u00bbTout d\u2019une seule source \u2013 individuel, \u00e9volutif et p\u00e9renne.\u00a0\u00bb button_url=\u00a0\u00bbhttps:\/\/www.stv-electronic.de\/services\/komplettlosungen\/\u00a0\u00bb button_text=\u00a0\u00bbVers les solutions compl\u00e8tes\u00a0\u00bb module_class=\u00a0\u00bbsimiler-height-cta\u00a0\u00bb _builder_version=\u00a0\u00bb4.27.0&Prime; _module_preset=\u00a0\u00bbdefault\u00a0\u00bb header_text_color=\u00a0\u00bb#5D6B78&Prime; body_text_color=\u00a0\u00bb#88959E\u00a0\u00bb background_color=\u00a0\u00bb#FFFFFF\u00a0\u00bb button_text_size=\u00a0\u00bb1rem\u00a0\u00bb button_text_color=\u00a0\u00bb#E30613&Prime; button_border_color=\u00a0\u00bb#E30613&Prime; button_border_radius=\u00a0\u00bb100px\u00a0\u00bb button_icon=\u00a0\u00bb&#x35;||divi||400&Prime; button_on_hover=\u00a0\u00bboff\u00a0\u00bb button_custom_margin=\u00a0\u00bb0px||||false|false\u00a0\u00bb button_custom_margin_tablet=\u00a0\u00bb1.5em||||false|false\u00a0\u00bb button_custom_margin_phone=\u00a0\u00bb1em||||false|false\u00a0\u00bb button_custom_margin_last_edited=\u00a0\u00bbon|phone\u00a0\u00bb button_custom_padding=\u00a0\u00bb6px|30px|6px|20px|true|false\u00a0\u00bb custom_padding=\u00a0\u00bb25px|20px|90px|20px|false|true\u00a0\u00bb custom_padding_tablet=\u00a0\u00bb||80px||false|true\u00a0\u00bb custom_padding_phone=\u00a0\u00bb||80px||false|true\u00a0\u00bb custom_padding_last_edited=\u00a0\u00bbon|desktop\u00a0\u00bb border_radii=\u00a0\u00bboff|||8px|8px\u00a0\u00bb box_shadow_style=\u00a0\u00bbpreset1&Prime; box_shadow_blur=\u00a0\u00bb6px\u00a0\u00bb box_shadow_color=\u00a0\u00bbrgba(136,149,158,0.25)\u00a0\u00bb global_colors_info=\u00a0\u00bb{}\u00a0\u00bb button_text_color__hover_enabled=\u00a0\u00bbon|hover\u00a0\u00bb button_text_color__hover=\u00a0\u00bb#FFFFFF\u00a0\u00bb button_bg_color__hover_enabled=\u00a0\u00bbon|hover\u00a0\u00bb button_bg_color__hover=\u00a0\u00bb#E30613&Prime; button_bg_enable_color__hover=\u00a0\u00bbon\u00a0\u00bb]<\/p>\n<p>Solutions compl\u00e8tes cl\u00e9s en main pour des syst\u00e8mes adapt\u00e9s individuellement, dans lesquels le mat\u00e9riel et le logiciel s\u2019int\u00e8grent parfaitement. De la premi\u00e8re id\u00e9e au produit pr\u00eat \u00e0 l\u2019emploi, vous obtenez tout d\u2019un seul tenant.<\/p>\n<p>[\/et_pb_cta][\/et_pb_column][\/et_pb_row][et_pb_row _builder_version=\u00a0\u00bb4.27.0&Prime; _module_preset=\u00a0\u00bbdefault\u00a0\u00bb global_colors_info=\u00a0\u00bb{}\u00a0\u00bb][et_pb_column type=\u00a0\u00bb4_4&Prime; _builder_version=\u00a0\u00bb4.27.0&Prime; _module_preset=\u00a0\u00bbdefault\u00a0\u00bb global_colors_info=\u00a0\u00bb{}\u00a0\u00bb][et_pb_text _builder_version=\u00a0\u00bb4.27.0&Prime; _module_preset=\u00a0\u00bbdefault\u00a0\u00bb text_font=\u00a0\u00bb&#8211;et_global_body_font|300|||||||\u00a0\u00bb text_font_size=\u00a0\u00bb1.5rem\u00a0\u00bb link_font=\u00a0\u00bb||||||||\u00a0\u00bb link_text_color=\u00a0\u00bb#5D6B78&Prime; header_2_font=\u00a0\u00bb&#8211;et_global_heading_font|700|||||||\u00a0\u00bb header_2_text_align=\u00a0\u00bbcenter\u00a0\u00bb header_2_text_color=\u00a0\u00bb#E30613&Prime; header_2_font_size=\u00a0\u00bb1.5rem\u00a0\u00bb text_font_size_tablet=\u00a0\u00bb1.2rem\u00a0\u00bb text_font_size_phone=\u00a0\u00bb1.1rem\u00a0\u00bb text_font_size_last_edited=\u00a0\u00bbon|tablet\u00a0\u00bb header_2_font_size_tablet=\u00a0\u00bb1.4rem\u00a0\u00bb header_2_font_size_phone=\u00a0\u00bb1.3rem\u00a0\u00bb header_2_font_size_last_edited=\u00a0\u00bbon|tablet\u00a0\u00bb global_colors_info=\u00a0\u00bb{}\u00a0\u00bb link_text_color__hover=\u00a0\u00bb#E30613&Prime; link_text_color__hover_enabled=\u00a0\u00bbon|hover\u00a0\u00bb]<\/p>\n<h2>Convenez d\u2019un entretien de conseils personnalis\u00e9 !<\/h2>\n<p>[\/et_pb_text][et_pb_text _builder_version=\u00a0\u00bb4.27.0&Prime; _module_preset=\u00a0\u00bbac2efc07-ca5c-4651-b6c6-b5997ca4cb47&Prime; link_font=\u00a0\u00bb||||||||\u00a0\u00bb link_text_color=\u00a0\u00bb#5D6B78&Prime; text_orientation=\u00a0\u00bbcenter\u00a0\u00bb custom_margin=\u00a0\u00bb|auto|7px|auto|false|false\u00a0\u00bb custom_padding=\u00a0\u00bb||5px||false|false\u00a0\u00bb custom_css_main_element=\u00a0\u00bbwidth: fit-content;||\u00a0\u00bb border_color_all=\u00a0\u00bb#88959E\u00a0\u00bb border_width_bottom=\u00a0\u00bb1px\u00a0\u00bb border_color_bottom=\u00a0\u00bbrgba(93,107,120,0.35)\u00a0\u00bb global_colors_info=\u00a0\u00bb{}\u00a0\u00bb border_color_bottom__hover_enabled=\u00a0\u00bbon|hover\u00a0\u00bb border_color_bottom__hover=\u00a0\u00bb#E30613&Prime; link_text_color__hover_enabled=\u00a0\u00bbon|hover\u00a0\u00bb link_text_color__hover=\u00a0\u00bb#E30613&Prime;]<\/p>\n<p><a href=\"mailto:info@stv-electronic.de\">info@stv-electronic.de<\/a><\/p>\n<p>[\/et_pb_text][et_pb_text _builder_version=\u00a0\u00bb4.27.0&Prime; _module_preset=\u00a0\u00bbac2efc07-ca5c-4651-b6c6-b5997ca4cb47&Prime; link_font=\u00a0\u00bb||||||||\u00a0\u00bb link_text_color=\u00a0\u00bb#5D6B78&Prime; text_orientation=\u00a0\u00bbcenter\u00a0\u00bb custom_margin=\u00a0\u00bb|auto||auto|false|false\u00a0\u00bb custom_padding=\u00a0\u00bb||||false|false\u00a0\u00bb custom_css_main_element=\u00a0\u00bb||\u00a0\u00bb global_colors_info=\u00a0\u00bb{}\u00a0\u00bb link_text_color__hover_enabled=\u00a0\u00bbon|hover\u00a0\u00bb link_text_color__hover=\u00a0\u00bb#E30613&Prime;]<a href=\"tel:+49%20(0)5207%2091310\">+49 (0)5207 91310<\/a>[\/et_pb_text][\/et_pb_column][\/et_pb_row][\/et_pb_section]<\/p>\n","protected":false},"excerpt":{"rendered":"<p><div class=\"c-breadcrumbs\"><a class=\"breadcrumb-homepage breadcrumbs-link\" href=\"https:\/\/www.stv-electronic.de\/fr\/\">STV Electronic - Automatisierungsl\u00f6sungen<\/a><span class=\"breadcrumb-devider\" style=\"font-family:'ETModules';\">5<\/span><span class=\"current-page\">D\u00e9veloppement mat\u00e9riel et logiciel<\/span><\/div>D\u00e9veloppement mat\u00e9riel et logicielEnsemble vers le succ\u00e8s \u2013 avec des solutions sur mesure et un partenariat personnalis\u00e9Dans un paysage de march\u00e9 dynamique, vous avez besoin de plus que de simples produits : vous avez besoin d\u2019un partenaire solide qui pense de mani\u00e8re globale et r\u00e9pond individuellement \u00e0 vos besoins. Nous vous accompagnons avec engagement, flexibilit\u00e9 [&hellip;]<\/p>\n","protected":false},"author":1,"featured_media":0,"parent":1570,"menu_order":0,"comment_status":"closed","ping_status":"closed","template":"","meta":{"_acf_changed":false,"_et_pb_use_builder":"on","_et_pb_old_content":"","_et_gb_content_width":"","footnotes":""},"class_list":["post-1530","page","type-page","status-publish","hentry"],"acf":[],"_links":{"self":[{"href":"https:\/\/www.stv-electronic.de\/fr\/wp-json\/wp\/v2\/pages\/1530","targetHints":{"allow":["GET"]}}],"collection":[{"href":"https:\/\/www.stv-electronic.de\/fr\/wp-json\/wp\/v2\/pages"}],"about":[{"href":"https:\/\/www.stv-electronic.de\/fr\/wp-json\/wp\/v2\/types\/page"}],"author":[{"embeddable":true,"href":"https:\/\/www.stv-electronic.de\/fr\/wp-json\/wp\/v2\/users\/1"}],"replies":[{"embeddable":true,"href":"https:\/\/www.stv-electronic.de\/fr\/wp-json\/wp\/v2\/comments?post=1530"}],"version-history":[{"count":0,"href":"https:\/\/www.stv-electronic.de\/fr\/wp-json\/wp\/v2\/pages\/1530\/revisions"}],"up":[{"embeddable":true,"href":"https:\/\/www.stv-electronic.de\/fr\/wp-json\/wp\/v2\/pages\/1570"}],"wp:attachment":[{"href":"https:\/\/www.stv-electronic.de\/fr\/wp-json\/wp\/v2\/media?parent=1530"}],"curies":[{"name":"wp","href":"https:\/\/api.w.org\/{rel}","templated":true}]}}