{"id":1459,"date":"2025-10-21T10:49:51","date_gmt":"2025-10-21T08:49:51","guid":{"rendered":"https:\/\/stv-electronic.mp-wd.de\/produits\/"},"modified":"2026-01-26T14:33:19","modified_gmt":"2026-01-26T13:33:19","slug":"produits","status":"publish","type":"page","link":"https:\/\/www.stv-electronic.de\/fr\/produits\/","title":{"rendered":"Produits"},"content":{"rendered":"<p>[et_pb_section fb_built=\u00a0\u00bb1&Prime; module_class=\u00a0\u00bbhero-fixed-height\u00a0\u00bb _builder_version=\u00a0\u00bb4.27.0&Prime; _module_preset=\u00a0\u00bbdefault\u00a0\u00bb background_image=\u00a0\u00bbhttps:\/\/stv-electronic.de\/wp-content\/uploads\/2025\/11\/Produkte-Header-1.jpeg\u00a0\u00bb min_height=\u00a0\u00bb520px\u00a0\u00bb hover_enabled=\u00a0\u00bb0&Prime; global_colors_info=\u00a0\u00bb{}\u00a0\u00bb title_text=\u00a0\u00bbProdukte-Header (1)\u00a0\u00bb sticky_enabled=\u00a0\u00bb0&Prime;][\/et_pb_section][et_pb_section fb_built=\u00a0\u00bb1&Prime; _builder_version=\u00a0\u00bb4.27.0&Prime; _module_preset=\u00a0\u00bbdefault\u00a0\u00bb background_color=\u00a0\u00bb#E30613&Prime; custom_padding=\u00a0\u00bb0px||0px||true|false\u00a0\u00bb custom_padding_tablet=\u00a0\u00bb0px||0px||true|false\u00a0\u00bb custom_padding_phone=\u00a0\u00bb0px||0px||true|false\u00a0\u00bb global_module=\u00a0\u00bb425&Prime; locked=\u00a0\u00bboff\u00a0\u00bb global_colors_info=\u00a0\u00bb{}\u00a0\u00bb][et_pb_row _builder_version=\u00a0\u00bb4.27.0&Prime; _module_preset=\u00a0\u00bbdefault\u00a0\u00bb custom_padding=\u00a0\u00bb15px||15px||true|false\u00a0\u00bb global_colors_info=\u00a0\u00bb{}\u00a0\u00bb][et_pb_column type=\u00a0\u00bb4_4&Prime; _builder_version=\u00a0\u00bb4.27.0&Prime; _module_preset=\u00a0\u00bbdefault\u00a0\u00bb global_colors_info=\u00a0\u00bb{}\u00a0\u00bb][et_pb_text module_class=\u00a0\u00bbdynamic-breadcrumbs\u00a0\u00bb _builder_version=\u00a0\u00bb4.27.0&Prime; _module_preset=\u00a0\u00bbdefault\u00a0\u00bb text_text_color=\u00a0\u00bb#FFFFFF\u00a0\u00bb link_text_color=\u00a0\u00bb#FFFFFF\u00a0\u00bb global_colors_info=\u00a0\u00bb{}\u00a0\u00bb link_text_color__hover_enabled=\u00a0\u00bboff|hover\u00a0\u00bb]<\/p>\n<div class=\"c-breadcrumbs\"><a class=\"breadcrumb-homepage breadcrumbs-link\" href=\"https:\/\/www.stv-electronic.de\/fr\/\">STV Electronic - Automatisierungsl\u00f6sungen<\/a><span class=\"breadcrumb-devider\" style=\"font-family:'ETModules';\">5<\/span><span class=\"current-page\">Produits<\/span><\/div>\n<p>[\/et_pb_text][\/et_pb_column][\/et_pb_row][\/et_pb_section][et_pb_section fb_built=\u00a0\u00bb1&Prime; _builder_version=\u00a0\u00bb4.27.0&Prime; _module_preset=\u00a0\u00bbdefault\u00a0\u00bb global_colors_info=\u00a0\u00bb{}\u00a0\u00bb][et_pb_row _builder_version=\u00a0\u00bb4.27.0&Prime; _module_preset=\u00a0\u00bbdefault\u00a0\u00bb custom_padding=\u00a0\u00bb||0px||false|false\u00a0\u00bb global_colors_info=\u00a0\u00bb{}\u00a0\u00bb][et_pb_column type=\u00a0\u00bb4_4&Prime; _builder_version=\u00a0\u00bb4.27.0&Prime; _module_preset=\u00a0\u00bbdefault\u00a0\u00bb global_colors_info=\u00a0\u00bb{}\u00a0\u00bb][et_pb_text _builder_version=\u00a0\u00bb4.27.0&Prime; _module_preset=\u00a0\u00bbdefault\u00a0\u00bb header_text_align=\u00a0\u00bbcenter\u00a0\u00bb global_colors_info=\u00a0\u00bb{}\u00a0\u00bb]<\/p>\n<h1>Produits<\/h1>\n<p>[\/et_pb_text][et_pb_text _builder_version=\u00a0\u00bb4.27.0&Prime; _module_preset=\u00a0\u00bbac2efc07-ca5c-4651-b6c6-b5997ca4cb47&Prime; text_orientation=\u00a0\u00bbcenter\u00a0\u00bb custom_margin=\u00a0\u00bb||65px||false|false\u00a0\u00bb global_colors_info=\u00a0\u00bb{}\u00a0\u00bb]<\/p>\n<p>Gr\u00e2ce \u00e0 nos Produits de haute qualit\u00e9, vous \u00eates parfaitement \u00e9quip\u00e9 pour contr\u00f4ler efficacement vos processus domestiques, immobiliers et de fabrication. D\u00e9couvrez nos divers \u00e9l\u00e9ments d&rsquo;infrastructure, nos composants pour la collecte de donn\u00e9es ainsi que nos logiciels performants pour l&rsquo;analyse \u2013 le tout aupr\u00e8s d&rsquo;un seul fournisseur. Nous misons sur des normes \u00e9prouv\u00e9es, des syst\u00e8mes ouverts et une flexibilit\u00e9 maximale afin que vous soyez toujours fiable et p\u00e9renne. Ensemble, menons \u00e0 bien vos projets d&rsquo;automatisation !<\/p>\n<p>[\/et_pb_text][et_pb_text _builder_version=\u00a0\u00bb4.27.0&Prime; _module_preset=\u00a0\u00bbdefault\u00a0\u00bb text_text_color=\u00a0\u00bb#8F9BA4&Prime; link_text_color=\u00a0\u00bb#8F9BA4&Prime; global_colors_info=\u00a0\u00bb{}\u00a0\u00bb text_text_color__hover=\u00a0\u00bb#E30613&Prime; text_text_color__hover_enabled=\u00a0\u00bbon|hover\u00a0\u00bb link_text_color__hover=\u00a0\u00bb#E30613&Prime; link_text_color__hover_enabled=\u00a0\u00bbon|hover\u00a0\u00bb]<\/p>\n<div class=\"custom-product-grid\"><a class=\"custom-product-item custom-product-item-1\" href=\"https:\/\/www.stv-electronic.de\/fr\/produkt\/controleurs-et-passerelles\/\">  <div class=\"custom-product-image\">      <img decoding=\"async\" src=\"https:\/\/www.stv-electronic.de\/wp-content\/uploads\/2025\/10\/HP_Produkte_Linux-Controller-Kachel-transparent.png\" alt=\"Contr\u00f4leurs et passerelles\">  <\/div>  <div class=\"custom-product-contents\">      <h4 class=\"custom-product-title\">Contr\u00f4leurs et passerelles<\/h4>      <div class=\"custom-product-description\">Contr\u00f4leurs Linux, Modules E\/S et interfaces, convertisseur de niveau M-Bus, r\u00e9partiteurs, passerelles<\/div>  <\/div><\/a><a class=\"custom-product-item custom-product-item-2\" href=\"https:\/\/www.stv-electronic.de\/fr\/produkt\/industrierechner\/\">  <div class=\"custom-product-image\">      <img decoding=\"async\" src=\"https:\/\/www.stv-electronic.de\/wp-content\/uploads\/2025\/10\/HP_Produkte_Industrierechner-Kachel-transparent-1.png\" alt=\"ordinateur industriel\">  <\/div>  <div class=\"custom-product-contents\">      <h4 class=\"custom-product-title\">ordinateur industriel<\/h4>      <div class=\"custom-product-description\">Configuration de PC industriels performants et durables<\/div>  <\/div><\/a><a class=\"custom-product-item custom-product-item-3\" href=\"https:\/\/www.stv-electronic.de\/fr\/produkt\/technique-dentrainement\/\">  <div class=\"custom-product-image\">      <img decoding=\"async\" src=\"https:\/\/www.stv-electronic.de\/wp-content\/uploads\/2025\/10\/Produkte_Antriebstechnik-Kachel-transparent.png\" alt=\"Technique d&rsquo;entra\u00eenement\">  <\/div>  <div class=\"custom-product-contents\">      <h4 class=\"custom-product-title\">Technique d&rsquo;entra\u00eenement<\/h4>      <div class=\"custom-product-description\">D\u00e9veloppement et fabrication d&#039;entra\u00eenements \u00e9lectriques hautement dynamiques<\/div>  <\/div><\/a><a class=\"custom-product-item custom-product-item-4\" href=\"https:\/\/www.stv-electronic.de\/fr\/produkt\/traitement-de-limage\/\">  <div class=\"custom-product-image\">      <img decoding=\"async\" src=\"https:\/\/www.stv-electronic.de\/wp-content\/uploads\/2025\/10\/Produkte_Bildverarbeitung-transparent.png\" alt=\"Traitement de l&rsquo;image\">  <\/div>  <div class=\"custom-product-contents\">      <h4 class=\"custom-product-title\">Traitement de l&rsquo;image<\/h4>      <div class=\"custom-product-description\">D\u00e9veloppement de logiciels de traitement, d&#039;outils d&#039;analyse de donn\u00e9es et de syst\u00e8mes d&#039;\u00e9clairage pour le Traitement de l&#039;image<\/div>  <\/div><\/a><\/div>\n<p>[\/et_pb_text][\/et_pb_column][\/et_pb_row][\/et_pb_section]<\/p>\n","protected":false},"excerpt":{"rendered":"<p>[et_pb_section fb_built=\u00a0\u00bb1&Prime; module_class=\u00a0\u00bbhero-fixed-height\u00a0\u00bb _builder_version=\u00a0\u00bb4.27.0&Prime; _module_preset=\u00a0\u00bbdefault\u00a0\u00bb background_image=\u00a0\u00bbhttps:\/\/stv-electronic.de\/wp-content\/uploads\/2025\/11\/Produkte-Header-1.jpeg\u00a0\u00bb min_height=\u00a0\u00bb520px\u00a0\u00bb hover_enabled=\u00a0\u00bb0&Prime; global_colors_info=\u00a0\u00bb{}\u00a0\u00bb title_text=\u00a0\u00bbProdukte-Header (1)\u00a0\u00bb sticky_enabled=\u00a0\u00bb0&Prime;][\/et_pb_section][et_pb_section fb_built=\u00a0\u00bb1&Prime; _builder_version=\u00a0\u00bb4.27.0&Prime; _module_preset=\u00a0\u00bbdefault\u00a0\u00bb background_color=\u00a0\u00bb#E30613&Prime; custom_padding=\u00a0\u00bb0px||0px||true|false\u00a0\u00bb custom_padding_tablet=\u00a0\u00bb0px||0px||true|false\u00a0\u00bb custom_padding_phone=\u00a0\u00bb0px||0px||true|false\u00a0\u00bb global_module=\u00a0\u00bb425&Prime; locked=\u00a0\u00bboff\u00a0\u00bb global_colors_info=\u00a0\u00bb{}\u00a0\u00bb][et_pb_row _builder_version=\u00a0\u00bb4.27.0&Prime; _module_preset=\u00a0\u00bbdefault\u00a0\u00bb custom_padding=\u00a0\u00bb15px||15px||true|false\u00a0\u00bb global_colors_info=\u00a0\u00bb{}\u00a0\u00bb][et_pb_column type=\u00a0\u00bb4_4&Prime; _builder_version=\u00a0\u00bb4.27.0&Prime; _module_preset=\u00a0\u00bbdefault\u00a0\u00bb global_colors_info=\u00a0\u00bb{}\u00a0\u00bb][et_pb_text module_class=\u00a0\u00bbdynamic-breadcrumbs\u00a0\u00bb _builder_version=\u00a0\u00bb4.27.0&Prime; _module_preset=\u00a0\u00bbdefault\u00a0\u00bb text_text_color=\u00a0\u00bb#FFFFFF\u00a0\u00bb link_text_color=\u00a0\u00bb#FFFFFF\u00a0\u00bb global_colors_info=\u00a0\u00bb{}\u00a0\u00bb link_text_color__hover_enabled=\u00a0\u00bboff|hover\u00a0\u00bb] [\/et_pb_text][\/et_pb_column][\/et_pb_row][\/et_pb_section][et_pb_section fb_built=\u00a0\u00bb1&Prime; _builder_version=\u00a0\u00bb4.27.0&Prime; _module_preset=\u00a0\u00bbdefault\u00a0\u00bb global_colors_info=\u00a0\u00bb{}\u00a0\u00bb][et_pb_row _builder_version=\u00a0\u00bb4.27.0&Prime; _module_preset=\u00a0\u00bbdefault\u00a0\u00bb custom_padding=\u00a0\u00bb||0px||false|false\u00a0\u00bb global_colors_info=\u00a0\u00bb{}\u00a0\u00bb][et_pb_column type=\u00a0\u00bb4_4&Prime; _builder_version=\u00a0\u00bb4.27.0&Prime; _module_preset=\u00a0\u00bbdefault\u00a0\u00bb global_colors_info=\u00a0\u00bb{}\u00a0\u00bb][et_pb_text _builder_version=\u00a0\u00bb4.27.0&Prime; _module_preset=\u00a0\u00bbdefault\u00a0\u00bb header_text_align=\u00a0\u00bbcenter\u00a0\u00bb global_colors_info=\u00a0\u00bb{}\u00a0\u00bb] Produits [&hellip;]<\/p>\n","protected":false},"author":1,"featured_media":0,"parent":0,"menu_order":0,"comment_status":"closed","ping_status":"closed","template":"","meta":{"_acf_changed":false,"_et_pb_use_builder":"on","_et_pb_old_content":"","_et_gb_content_width":"","footnotes":""},"class_list":["post-1459","page","type-page","status-publish","hentry"],"acf":[],"_links":{"self":[{"href":"https:\/\/www.stv-electronic.de\/fr\/wp-json\/wp\/v2\/pages\/1459","targetHints":{"allow":["GET"]}}],"collection":[{"href":"https:\/\/www.stv-electronic.de\/fr\/wp-json\/wp\/v2\/pages"}],"about":[{"href":"https:\/\/www.stv-electronic.de\/fr\/wp-json\/wp\/v2\/types\/page"}],"author":[{"embeddable":true,"href":"https:\/\/www.stv-electronic.de\/fr\/wp-json\/wp\/v2\/users\/1"}],"replies":[{"embeddable":true,"href":"https:\/\/www.stv-electronic.de\/fr\/wp-json\/wp\/v2\/comments?post=1459"}],"version-history":[{"count":0,"href":"https:\/\/www.stv-electronic.de\/fr\/wp-json\/wp\/v2\/pages\/1459\/revisions"}],"wp:attachment":[{"href":"https:\/\/www.stv-electronic.de\/fr\/wp-json\/wp\/v2\/media?parent=1459"}],"curies":[{"name":"wp","href":"https:\/\/api.w.org\/{rel}","templated":true}]}}