{"id":1417,"date":"2025-10-23T12:33:57","date_gmt":"2025-10-23T10:33:57","guid":{"rendered":"https:\/\/stv-electronic.mp-wd.de\/a-propos-de-nous\/"},"modified":"2026-01-26T14:33:10","modified_gmt":"2026-01-26T13:33:10","slug":"a-propos-de-nous","status":"publish","type":"page","link":"https:\/\/www.stv-electronic.de\/fr\/a-propos-de-nous\/","title":{"rendered":"\u00c0 propos de nous"},"content":{"rendered":"<p>[et_pb_section fb_built=\u00a0\u00bb1&Prime; module_id=\u00a0\u00bb\u00e0-propos\u00a0\u00bb module_class=\u00a0\u00bbhero-fixed-height\u00a0\u00bb _builder_version=\u00a0\u00bb4.27.0&Prime; _module_preset=\u00a0\u00bbdefault\u00a0\u00bb background_image=\u00a0\u00bbhttps:\/\/stv-electronic.de\/wp-content\/uploads\/2025\/10\/STV_Ueber-uns-Header.jpg\u00a0\u00bb min_height=\u00a0\u00bb420px\u00a0\u00bb min_height_tablet=\u00a0\u00bb250px\u00a0\u00bb min_height_phone=\u00a0\u00bb180px\u00a0\u00bb min_height_last_edited=\u00a0\u00bbon|phone\u00a0\u00bb locked=\u00a0\u00bboff\u00a0\u00bb global_colors_info=\u00a0\u00bb{}\u00a0\u00bb][\/et_pb_section][et_pb_section fb_built=\u00a0\u00bb1&Prime; _builder_version=\u00a0\u00bb4.27.0&Prime; _module_preset=\u00a0\u00bbdefault\u00a0\u00bb background_color=\u00a0\u00bb#E30613&Prime; custom_padding=\u00a0\u00bb0px||0px||true|false\u00a0\u00bb custom_padding_tablet=\u00a0\u00bb0px||0px||true|false\u00a0\u00bb custom_padding_phone=\u00a0\u00bb0px||0px||true|false\u00a0\u00bb global_module=\u00a0\u00bb425&Prime; locked=\u00a0\u00bboff\u00a0\u00bb global_colors_info=\u00a0\u00bb{}\u00a0\u00bb][et_pb_row _builder_version=\u00a0\u00bb4.27.0&Prime; _module_preset=\u00a0\u00bbdefault\u00a0\u00bb custom_padding=\u00a0\u00bb15px||15px||true|false\u00a0\u00bb global_colors_info=\u00a0\u00bb{}\u00a0\u00bb][et_pb_column type=\u00a0\u00bb4_4&Prime; _builder_version=\u00a0\u00bb4.27.0&Prime; _module_preset=\u00a0\u00bbdefault\u00a0\u00bb global_colors_info=\u00a0\u00bb{}\u00a0\u00bb][et_pb_text module_class=\u00a0\u00bbdynamic-breadcrumbs\u00a0\u00bb _builder_version=\u00a0\u00bb4.27.0&Prime; _module_preset=\u00a0\u00bbdefault\u00a0\u00bb text_text_color=\u00a0\u00bb#FFFFFF\u00a0\u00bb link_text_color=\u00a0\u00bb#FFFFFF\u00a0\u00bb global_colors_info=\u00a0\u00bb{}\u00a0\u00bb link_text_color__hover_enabled=\u00a0\u00bboff|hover\u00a0\u00bb]<\/p>\n<div class=\"c-breadcrumbs\"><a class=\"breadcrumb-homepage breadcrumbs-link\" href=\"https:\/\/www.stv-electronic.de\/fr\/\">STV Electronic - Automatisierungsl\u00f6sungen<\/a><span class=\"breadcrumb-devider\" style=\"font-family:'ETModules';\">5<\/span><span class=\"current-page\">\u00c0 propos de nous<\/span><\/div>\n<p>[\/et_pb_text][\/et_pb_column][\/et_pb_row][\/et_pb_section][et_pb_section fb_built=\u00a0\u00bb1&Prime; _builder_version=\u00a0\u00bb4.27.0&Prime; _module_preset=\u00a0\u00bbdefault\u00a0\u00bb locked=\u00a0\u00bboff\u00a0\u00bb global_colors_info=\u00a0\u00bb{}\u00a0\u00bb][et_pb_row gutter_width=\u00a0\u00bb1&Prime; module_class=\u00a0\u00bbbutton-grid\u00a0\u00bb _builder_version=\u00a0\u00bb4.27.0&Prime; _module_preset=\u00a0\u00bbdefault\u00a0\u00bb custom_margin=\u00a0\u00bb||30px||false|false\u00a0\u00bb global_colors_info=\u00a0\u00bb{}\u00a0\u00bb text_text_color=\u00a0\u00bb#8F9BA4&Prime; header_text_color=\u00a0\u00bb#000000&Prime; header_4_text_color=\u00a0\u00bb#000000&Prime; text_orientation=\u00a0\u00bbleft\u00a0\u00bb][et_pb_column type=\u00a0\u00bb4_4&Prime; _builder_version=\u00a0\u00bb4.27.0&Prime; _module_preset=\u00a0\u00bbdefault\u00a0\u00bb global_colors_info=\u00a0\u00bb{}\u00a0\u00bb][et_pb_button button_url=\u00a0\u00bb#uber-uns\u00a0\u00bb button_text=\u00a0\u00bb\u00c0 propos de nous\u00a0\u00bb _builder_version=\u00a0\u00bb4.27.0&Prime; _module_preset=\u00a0\u00bb98a382ac-10bc-4989-8219-4d0e9de13478&Prime; button_text_color=\u00a0\u00bb#E30613&Prime; button_border_color=\u00a0\u00bb#E30613&Prime; box_shadow_color=\u00a0\u00bbrgba(227,6,19,0.2)\u00a0\u00bb global_colors_info=\u00a0\u00bb{}\u00a0\u00bb box_shadow_color__hover_enabled=\u00a0\u00bbon|desktop\u00a0\u00bb box_shadow_color__hover=\u00a0\u00bb\u00a0\u00bb][\/et_pb_button][et_pb_button button_text=\u00a0\u00bbPartenaires de projet\u00a0\u00bb disabled_on=\u00a0\u00bbon|on|on\u00a0\u00bb _builder_version=\u00a0\u00bb4.27.0&Prime; _module_preset=\u00a0\u00bb98a382ac-10bc-4989-8219-4d0e9de13478&Prime; disabled=\u00a0\u00bbon\u00a0\u00bb global_colors_info=\u00a0\u00bb{}\u00a0\u00bb][\/et_pb_button][et_pb_button button_url=\u00a0\u00bb@ET-DC@eyJkeW5hbWljIjp0cnVlLCJjb250ZW50IjoicG9zdF9saW5rX3VybF9wYWdlIiwic2V0dGluZ3MiOnsicG9zdF9pZCI6IjYzMiIsImVuYWJsZV9odG1sIjoib2ZmIn19@\u00a0\u00bb button_text=\u00a0\u00bbActualit\u00e9s\u00a0\u00bb _builder_version=\u00a0\u00bb4.27.0&Prime; _dynamic_attributes=\u00a0\u00bbbutton_url\u00a0\u00bb _module_preset=\u00a0\u00bb98a382ac-10bc-4989-8219-4d0e9de13478&Prime; global_colors_info=\u00a0\u00bb{}\u00a0\u00bb][\/et_pb_button][et_pb_button button_url=\u00a0\u00bb@ET-DC@eyJkeW5hbWljIjp0cnVlLCJjb250ZW50IjoicG9zdF9saW5rX3VybF9wYWdlIiwic2V0dGluZ3MiOnsicG9zdF9pZCI6IjYwMSIsImVuYWJsZV9odG1sIjoib2ZmIn19@\u00a0\u00bb button_text=\u00a0\u00bbCarri\u00e8re\u00a0\u00bb _builder_version=\u00a0\u00bb4.27.0&Prime; _dynamic_attributes=\u00a0\u00bbbutton_url\u00a0\u00bb _module_preset=\u00a0\u00bb98a382ac-10bc-4989-8219-4d0e9de13478&Prime; global_colors_info=\u00a0\u00bb{}\u00a0\u00bb][\/et_pb_button][\/et_pb_column][\/et_pb_row][et_pb_row column_structure=\u00a0\u00bb1_2,1_2&Prime; gutter_width=\u00a0\u00bb3&Prime; _builder_version=\u00a0\u00bb4.27.0&Prime; _module_preset=\u00a0\u00bbdefault\u00a0\u00bb custom_padding=\u00a0\u00bb0px||0px||true|false\u00a0\u00bb global_colors_info=\u00a0\u00bb{}\u00a0\u00bb][et_pb_column type=\u00a0\u00bb1_2&Prime; _builder_version=\u00a0\u00bb4.27.0&Prime; _module_preset=\u00a0\u00bbdefault\u00a0\u00bb global_colors_info=\u00a0\u00bb{}\u00a0\u00bb][et_pb_text _builder_version=\u00a0\u00bb4.27.0&Prime; _module_preset=\u00a0\u00bbdefault\u00a0\u00bb text_text_color=\u00a0\u00bb#8F9BA4&Prime; header_text_color=\u00a0\u00bb#000000&Prime; header_4_text_color=\u00a0\u00bb#000000&Prime; custom_margin=\u00a0\u00bb||30px||false|false\u00a0\u00bb hover_enabled=\u00a0\u00bb0&Prime; global_colors_info=\u00a0\u00bb{}\u00a0\u00bb text_orientation=\u00a0\u00bbleft\u00a0\u00bb sticky_enabled=\u00a0\u00bb0&Prime;]<\/p>\n<h4>La force d\u2019innovation rencontre la tradition<\/h4>\n<p>Depuis plus de deux d\u00e9cennies, STV Electronic d\u00e9veloppe des solutions mat\u00e9rielles et logicielles sur mesure pour la technique d&rsquo;entra\u00eenement, le traitement industriel de l&rsquo;image et les composants de bus de terrain.<\/p>\n<p>[\/et_pb_text][et_pb_text _builder_version=\u00a0\u00bb4.27.0&Prime; _module_preset=\u00a0\u00bbdefault\u00a0\u00bb text_text_color=\u00a0\u00bb#8F9BA4&Prime; header_text_color=\u00a0\u00bb#000000&Prime; header_4_text_color=\u00a0\u00bb#000000&Prime; custom_margin=\u00a0\u00bb||30px||false|false\u00a0\u00bb global_colors_info=\u00a0\u00bb{}\u00a0\u00bb text_orientation=\u00a0\u00bbleft\u00a0\u00bb]<\/p>\n<h4>Solutions connect\u00e9es pour la production automatis\u00e9e<\/h4>\n<p>Gr\u00e2ce \u00e0 une compr\u00e9hension approfondie des d\u00e9fis techniques complexes, l&rsquo;entreprise aide ses clients \u00e0 r\u00e9aliser des productions connect\u00e9es et automatis\u00e9es.<\/p>\n<p>[\/et_pb_text][et_pb_text _builder_version=\u00a0\u00bb4.27.0&Prime; _module_preset=\u00a0\u00bbdefault\u00a0\u00bb text_text_color=\u00a0\u00bb#8F9BA4&Prime; header_text_color=\u00a0\u00bb#000000&Prime; header_4_text_color=\u00a0\u00bb#000000&Prime; custom_margin=\u00a0\u00bb||30px||false|false\u00a0\u00bb global_colors_info=\u00a0\u00bb{}\u00a0\u00bb text_orientation=\u00a0\u00bbleft\u00a0\u00bb]<\/p>\n<h4>Des produits d\u2019avenir pour votre succ\u00e8s<\/h4>\n<p>Avec STV Electronic, vous misez sur des solutions d\u2019avenir qui \u00e9voluent avec vos besoins. D\u00e9couvrez l\u2019automatisation sans limites \u2013 flexible, efficace et sur mesure pour votre succ\u00e8s.<\/p>\n<p>[\/et_pb_text][\/et_pb_column][et_pb_column type=\u00a0\u00bb1_2&Prime; _builder_version=\u00a0\u00bb4.27.0&Prime; _module_preset=\u00a0\u00bbdefault\u00a0\u00bb global_colors_info=\u00a0\u00bb{}\u00a0\u00bb][et_pb_text _builder_version=\u00a0\u00bb4.27.0&Prime; _module_preset=\u00a0\u00bbdefault\u00a0\u00bb text_text_color=\u00a0\u00bb#8F9BA4&Prime; header_text_color=\u00a0\u00bb#000000&Prime; header_4_text_color=\u00a0\u00bb#000000&Prime; custom_margin=\u00a0\u00bb||30px||false|false\u00a0\u00bb global_colors_info=\u00a0\u00bb{}\u00a0\u00bb text_orientation=\u00a0\u00bbleft\u00a0\u00bb]<\/p>\n<h4>Des syst\u00e8mes ouverts offrent des possibilit\u00e9s illimit\u00e9es<\/h4>\n<p>Nos contr\u00f4leurs et composants d&rsquo;automatisation innovants sont bas\u00e9s sur des syst\u00e8mes ouverts et offrent donc une flexibilit\u00e9 et une compatibilit\u00e9 maximales avec tous les syst\u00e8mes d\u2019automatisation courants.[\/et_pb_text][et_pb_text _builder_version=\u00a0\u00bb4.27.0&Prime; _module_preset=\u00a0\u00bbdefault\u00a0\u00bb text_text_color=\u00a0\u00bb#8F9BA4&Prime; header_text_color=\u00a0\u00bb#000000&Prime; header_4_text_color=\u00a0\u00bb#000000&Prime; custom_margin=\u00a0\u00bb||30px||false|false\u00a0\u00bb global_colors_info=\u00a0\u00bb{}\u00a0\u00bb text_orientation=\u00a0\u00bbleft\u00a0\u00bb]<\/p>\n<h4>\u00c9volutivit\u00e9 simple gr\u00e2ce \u00e0 une multitude d\u2019interfaces<\/h4>\n<p>Une multitude d\u2019interfaces permet une \u00e9volutivit\u00e9 rapide et efficace. Qu\u2019il s\u2019agisse d\u2019une extension par de nouveaux composants ou d\u2019une int\u00e9gration dans des syst\u00e8mes existants, tout est possible.<\/p>\n<p>[\/et_pb_text][et_pb_text _builder_version=\u00a0\u00bb4.27.0&Prime; _module_preset=\u00a0\u00bbdefault\u00a0\u00bb text_text_color=\u00a0\u00bb#8F9BA4&Prime; header_text_color=\u00a0\u00bb#000000&Prime; header_4_text_color=\u00a0\u00bb#000000&Prime; custom_margin=\u00a0\u00bb||30px||false|false\u00a0\u00bb global_colors_info=\u00a0\u00bb{}\u00a0\u00bb text_orientation=\u00a0\u00bbleft\u00a0\u00bb]<\/p>\n<h4>Un service complet pour des besoins sur mesure<\/h4>\n<p>Profitez de notre longue exp\u00e9rience et des connaissances sp\u00e9cialis\u00e9es approfondies de nos experts. Nous vous accompagnons tout au long du processus avec des conseils personnalis\u00e9s et des documents d&rsquo;information complets.<\/p>\n<p>[\/et_pb_text][\/et_pb_column][\/et_pb_row][\/et_pb_section]<\/p>\n","protected":false},"excerpt":{"rendered":"<p><div class=\"c-breadcrumbs\"><a class=\"breadcrumb-homepage breadcrumbs-link\" href=\"https:\/\/www.stv-electronic.de\/fr\/\">STV Electronic - Automatisierungsl\u00f6sungen<\/a><span class=\"breadcrumb-devider\" style=\"font-family:'ETModules';\">5<\/span><span class=\"current-page\">\u00c0 propos de nous<\/span><\/div>La force d\u2019innovation rencontre la tradition Depuis plus de deux d\u00e9cennies, STV Electronic d\u00e9veloppe des solutions mat\u00e9rielles et logicielles sur mesure pour la technique d&rsquo;entra\u00eenement, le traitement industriel de l&rsquo;image et les composants de bus de terrain.Solutions connect\u00e9es pour la production automatis\u00e9e Gr\u00e2ce \u00e0 une compr\u00e9hension approfondie des d\u00e9fis techniques complexes, l&rsquo;entreprise aide ses clients [&hellip;]<\/p>\n","protected":false},"author":1,"featured_media":0,"parent":0,"menu_order":0,"comment_status":"closed","ping_status":"closed","template":"","meta":{"_acf_changed":false,"_et_pb_use_builder":"on","_et_pb_old_content":"","_et_gb_content_width":"","footnotes":""},"class_list":["post-1417","page","type-page","status-publish","hentry"],"acf":[],"_links":{"self":[{"href":"https:\/\/www.stv-electronic.de\/fr\/wp-json\/wp\/v2\/pages\/1417","targetHints":{"allow":["GET"]}}],"collection":[{"href":"https:\/\/www.stv-electronic.de\/fr\/wp-json\/wp\/v2\/pages"}],"about":[{"href":"https:\/\/www.stv-electronic.de\/fr\/wp-json\/wp\/v2\/types\/page"}],"author":[{"embeddable":true,"href":"https:\/\/www.stv-electronic.de\/fr\/wp-json\/wp\/v2\/users\/1"}],"replies":[{"embeddable":true,"href":"https:\/\/www.stv-electronic.de\/fr\/wp-json\/wp\/v2\/comments?post=1417"}],"version-history":[{"count":0,"href":"https:\/\/www.stv-electronic.de\/fr\/wp-json\/wp\/v2\/pages\/1417\/revisions"}],"wp:attachment":[{"href":"https:\/\/www.stv-electronic.de\/fr\/wp-json\/wp\/v2\/media?parent=1417"}],"curies":[{"name":"wp","href":"https:\/\/api.w.org\/{rel}","templated":true}]}}